{"id":290,"date":"2025-12-04T13:13:26","date_gmt":"2025-12-04T13:13:26","guid":{"rendered":"https:\/\/www.siriussensor.com.tr\/index.php\/product\/danfoss-mbs-1700-0-6-bar-4-20-ma-g1-4-basinc-transmitteri\/"},"modified":"2025-12-09T14:12:30","modified_gmt":"2025-12-09T14:12:30","slug":"danfoss-mbs-1700-0-6-bar-4-20-ma-g1-4-basinc-transmitteri","status":"publish","type":"product","link":"https:\/\/www.siriussensor.com.tr\/index.php\/product\/danfoss-mbs-1700-0-6-bar-4-20-ma-g1-4-basinc-transmitteri\/","title":{"rendered":"Danfoss MBS 1700 0-6 bar 4-20 mA G1\/4 Bas\u0131n\u00e7 Transmitteri"},"content":{"rendered":"<p>MBS 1700, 0-6 bar aral\u0131\u011f\u0131nda \u00e7al\u0131\u015fan kompakt end\u00fcstriyel bas\u0131n\u00e7 transmitteridir.<br \/>\n\u00c7\u0131k\u0131\u015f sinyali: 4-20 mA; hassas kontrol ve izleme uygulamalar\u0131nda kullan\u0131l\u0131r.<br \/>\nBas\u0131n\u00e7 ba\u011flant\u0131s\u0131: G1\/4 proses ba\u011flant\u0131 di\u015fi ile kolay montaj imk\u00e2n\u0131 sa\u011flar.<br \/>\nPompa, hidrolik ve genel proses uygulamalar\u0131nda g\u00fcvenilir \u00f6l\u00e7\u00fcm performans\u0131 sunar.<br \/>\nDanfoss kalitesi ile uzun \u00f6m\u00fcrl\u00fc, titre\u015fime ve darbelere dayan\u0131kl\u0131 tasar\u0131ma sahiptir.<br \/>\nSirius Sensor stok \/ \u00fcr\u00fcn kodu: 060G6100.<\/p>\n","protected":false},"excerpt":{"rendered":"<p>MBS 1700, 0-6 bar aral\u0131\u011f\u0131nda \u00e7al\u0131\u015fan kompakt end\u00fcstriyel bas\u0131n\u00e7 transmitteridir. \u00c7\u0131k\u0131\u015f sinyali: 4-20 mA; hassas kontrol ve izleme uygulamalar\u0131nda kullan\u0131l\u0131r. Bas\u0131n\u00e7 ba\u011flant\u0131s\u0131: G1\/4 proses ba\u011flant\u0131 di\u015fi ile kolay montaj imk\u00e2n\u0131 sa\u011flar. Pompa, hidrolik ve genel proses uygulamalar\u0131nda g\u00fcvenilir \u00f6l\u00e7\u00fcm performans\u0131 sunar. Danfoss kalitesi ile uzun \u00f6m\u00fcrl\u00fc, titre\u015fime ve darbelere dayan\u0131kl\u0131 tasar\u0131ma sahiptir. Sirius Sensor stok [&hellip;]<\/p>\n","protected":false},"featured_media":0,"comment_status":"open","ping_status":"closed","template":"","meta":{"site-sidebar-layout":"default","site-content-layout":"","ast-site-content-layout":"default","site-content-style":"default","site-sidebar-style":"default","ast-global-header-display":"","ast-banner-title-visibility":"","ast-main-header-display":"","ast-hfb-above-header-display":"","ast-hfb-below-header-display":"","ast-hfb-mobile-header-display":"","site-post-title":"","ast-breadcrumbs-content":"","ast-featured-img":"","footer-sml-layout":"","ast-disable-related-posts":"","theme-transparent-header-meta":"","adv-header-id-meta":"","stick-header-meta":"","header-above-stick-meta":"","header-main-stick-meta":"","header-below-stick-meta":"","astra-migrate-meta-layouts":"default","ast-page-background-enabled":"default","ast-page-background-meta":{"desktop":{"background-color":"var(--ast-global-color-5)","background-image":"","background-repeat":"repeat","background-position":"center center","background-size":"auto","background-attachment":"scroll","background-type":"","background-media":"","overlay-type":"","overlay-color":"","overlay-opacity":"","overlay-gradient":""},"tablet":{"background-color":"","background-image":"","background-repeat":"repeat","background-position":"center center","background-size":"auto","background-attachment":"scroll","background-type":"","background-media":"","overlay-type":"","overlay-color":"","overlay-opacity":"","overlay-gradient":""},"mobile":{"background-color":"","background-image":"","background-repeat":"repeat","background-position":"center center","background-size":"auto","background-attachment":"scroll","background-type":"","background-media":"","overlay-type":"","overlay-color":"","overlay-opacity":"","overlay-gradient":""}},"ast-content-background-meta":{"desktop":{"background-color":"var(--ast-global-color-4)","background-image":"","background-repeat":"repeat","background-position":"center center","background-size":"auto","background-attachment":"scroll","background-type":"","background-media":"","overlay-type":"","overlay-color":"","overlay-opacity":"","overlay-gradient":""},"tablet":{"background-color":"var(--ast-global-color-4)","background-image":"","background-repeat":"repeat","background-position":"center center","background-size":"auto","background-attachment":"scroll","background-type":"","background-media":"","overlay-type":"","overlay-color":"","overlay-opacity":"","overlay-gradient":""},"mobile":{"background-color":"var(--ast-global-color-4)","background-image":"","background-repeat":"repeat","background-position":"center center","background-size":"auto","background-attachment":"scroll","background-type":"","background-media":"","overlay-type":"","overlay-color":"","overlay-opacity":"","overlay-gradient":""}}},"product_brand":[18],"product_cat":[44],"product_tag":[],"class_list":{"0":"post-290","1":"product","2":"type-product","3":"status-publish","5":"product_brand-danfoss","6":"product_cat-basinc","7":"desktop-align-left","8":"tablet-align-left","9":"mobile-align-left","11":"first","12":"instock","13":"taxable","14":"shipping-taxable","15":"purchasable","16":"product-type-simple"},"yoast_head":"<!-- This site is optimized with the Yoast SEO plugin v27.6 - https:\/\/yoast.com\/product\/yoast-seo-wordpress\/ -->\n<title>Danfoss MBS 1700 0-6 bar 4-20 mA G1\/4 Bas\u0131n\u00e7 Transmitteri - Her ad\u0131mda y&uuml;ksek teknoloji<\/title>\n<meta name=\"robots\" content=\"index, follow, max-snippet:-1, max-image-preview:large, max-video-preview:-1\" \/>\n<link rel=\"canonical\" href=\"http:\/\/www.siriussensor.com.tr\/index.php\/product\/danfoss-mbs-1700-0-6-bar-4-20-ma-g1-4-basinc-transmitteri\/\" \/>\n<meta property=\"og:locale\" content=\"tr_TR\" \/>\n<meta property=\"og:type\" content=\"article\" \/>\n<meta property=\"og:title\" content=\"Danfoss MBS 1700 0-6 bar 4-20 mA G1\/4 Bas\u0131n\u00e7 Transmitteri - Her ad\u0131mda y&uuml;ksek teknoloji\" \/>\n<meta property=\"og:description\" content=\"MBS 1700, 0-6 bar aral\u0131\u011f\u0131nda \u00e7al\u0131\u015fan kompakt end\u00fcstriyel bas\u0131n\u00e7 transmitteridir. \u00c7\u0131k\u0131\u015f sinyali: 4-20 mA; hassas kontrol ve izleme uygulamalar\u0131nda kullan\u0131l\u0131r. Bas\u0131n\u00e7 ba\u011flant\u0131s\u0131: G1\/4 proses ba\u011flant\u0131 di\u015fi ile kolay montaj imk\u00e2n\u0131 sa\u011flar. Pompa, hidrolik ve genel proses uygulamalar\u0131nda g\u00fcvenilir \u00f6l\u00e7\u00fcm performans\u0131 sunar. Danfoss kalitesi ile uzun \u00f6m\u00fcrl\u00fc, titre\u015fime ve darbelere dayan\u0131kl\u0131 tasar\u0131ma sahiptir. Sirius Sensor stok [&hellip;]\" \/>\n<meta property=\"og:url\" content=\"http:\/\/www.siriussensor.com.tr\/index.php\/product\/danfoss-mbs-1700-0-6-bar-4-20-ma-g1-4-basinc-transmitteri\/\" \/>\n<meta property=\"og:site_name\" content=\"Her ad\u0131mda y&uuml;ksek teknoloji\" \/>\n<meta property=\"article:modified_time\" content=\"2025-12-09T14:12:30+00:00\" \/>\n<meta name=\"twitter:card\" content=\"summary_large_image\" \/>\n<script type=\"application\/ld+json\" class=\"yoast-schema-graph\">{\"@context\":\"https:\\\/\\\/schema.org\",\"@graph\":[{\"@type\":\"WebPage\",\"@id\":\"http:\\\/\\\/www.siriussensor.com.tr\\\/index.php\\\/product\\\/danfoss-mbs-1700-0-6-bar-4-20-ma-g1-4-basinc-transmitteri\\\/\",\"url\":\"http:\\\/\\\/www.siriussensor.com.tr\\\/index.php\\\/product\\\/danfoss-mbs-1700-0-6-bar-4-20-ma-g1-4-basinc-transmitteri\\\/\",\"name\":\"Danfoss MBS 1700 0-6 bar 4-20 mA G1\\\/4 Bas\u0131n\u00e7 Transmitteri - Her ad\u0131mda y&uuml;ksek teknoloji\",\"isPartOf\":{\"@id\":\"https:\\\/\\\/www.siriussensor.com.tr\\\/#website\"},\"datePublished\":\"2025-12-04T13:13:26+00:00\",\"dateModified\":\"2025-12-09T14:12:30+00:00\",\"breadcrumb\":{\"@id\":\"http:\\\/\\\/www.siriussensor.com.tr\\\/index.php\\\/product\\\/danfoss-mbs-1700-0-6-bar-4-20-ma-g1-4-basinc-transmitteri\\\/#breadcrumb\"},\"inLanguage\":\"tr\",\"potentialAction\":[{\"@type\":\"ReadAction\",\"target\":[\"http:\\\/\\\/www.siriussensor.com.tr\\\/index.php\\\/product\\\/danfoss-mbs-1700-0-6-bar-4-20-ma-g1-4-basinc-transmitteri\\\/\"]}]},{\"@type\":\"BreadcrumbList\",\"@id\":\"http:\\\/\\\/www.siriussensor.com.tr\\\/index.php\\\/product\\\/danfoss-mbs-1700-0-6-bar-4-20-ma-g1-4-basinc-transmitteri\\\/#breadcrumb\",\"itemListElement\":[{\"@type\":\"ListItem\",\"position\":1,\"name\":\"Home\",\"item\":\"https:\\\/\\\/www.siriussensor.com.tr\\\/\"},{\"@type\":\"ListItem\",\"position\":2,\"name\":\"Ma\u011faza\",\"item\":\"https:\\\/\\\/www.siriussensor.com.tr\\\/index.php\\\/shop\\\/\"},{\"@type\":\"ListItem\",\"position\":3,\"name\":\"Danfoss MBS 1700 0-6 bar 4-20 mA G1\\\/4 Bas\u0131n\u00e7 Transmitteri\"}]},{\"@type\":\"WebSite\",\"@id\":\"https:\\\/\\\/www.siriussensor.com.tr\\\/#website\",\"url\":\"https:\\\/\\\/www.siriussensor.com.tr\\\/\",\"name\":\"Sirius Sensor\",\"description\":\"Her ad\u0131mda y&uuml;ksek teknoloji\",\"publisher\":{\"@id\":\"https:\\\/\\\/www.siriussensor.com.tr\\\/#organization\"},\"potentialAction\":[{\"@type\":\"SearchAction\",\"target\":{\"@type\":\"EntryPoint\",\"urlTemplate\":\"https:\\\/\\\/www.siriussensor.com.tr\\\/?s={search_term_string}\"},\"query-input\":{\"@type\":\"PropertyValueSpecification\",\"valueRequired\":true,\"valueName\":\"search_term_string\"}}],\"inLanguage\":\"tr\"},{\"@type\":\"Organization\",\"@id\":\"https:\\\/\\\/www.siriussensor.com.tr\\\/#organization\",\"name\":\"Sirius Sensor\",\"url\":\"https:\\\/\\\/www.siriussensor.com.tr\\\/\",\"logo\":{\"@type\":\"ImageObject\",\"inLanguage\":\"tr\",\"@id\":\"https:\\\/\\\/www.siriussensor.com.tr\\\/#\\\/schema\\\/logo\\\/image\\\/\",\"url\":\"https:\\\/\\\/www.siriussensor.com.tr\\\/wp-content\\\/uploads\\\/2025\\\/10\\\/cropped-Sirius_Son_Logo-scaled-1.png\",\"contentUrl\":\"https:\\\/\\\/www.siriussensor.com.tr\\\/wp-content\\\/uploads\\\/2025\\\/10\\\/cropped-Sirius_Son_Logo-scaled-1.png\",\"width\":2558,\"height\":1810,\"caption\":\"Sirius Sensor\"},\"image\":{\"@id\":\"https:\\\/\\\/www.siriussensor.com.tr\\\/#\\\/schema\\\/logo\\\/image\\\/\"}}]}<\/script>\n<!-- \/ Yoast SEO plugin. -->","yoast_head_json":{"title":"Danfoss MBS 1700 0-6 bar 4-20 mA G1\/4 Bas\u0131n\u00e7 Transmitteri - Her ad\u0131mda y&uuml;ksek teknoloji","robots":{"index":"index","follow":"follow","max-snippet":"max-snippet:-1","max-image-preview":"max-image-preview:large","max-video-preview":"max-video-preview:-1"},"canonical":"http:\/\/www.siriussensor.com.tr\/index.php\/product\/danfoss-mbs-1700-0-6-bar-4-20-ma-g1-4-basinc-transmitteri\/","og_locale":"tr_TR","og_type":"article","og_title":"Danfoss MBS 1700 0-6 bar 4-20 mA G1\/4 Bas\u0131n\u00e7 Transmitteri - Her ad\u0131mda y&uuml;ksek teknoloji","og_description":"MBS 1700, 0-6 bar aral\u0131\u011f\u0131nda \u00e7al\u0131\u015fan kompakt end\u00fcstriyel bas\u0131n\u00e7 transmitteridir. \u00c7\u0131k\u0131\u015f sinyali: 4-20 mA; hassas kontrol ve izleme uygulamalar\u0131nda kullan\u0131l\u0131r. Bas\u0131n\u00e7 ba\u011flant\u0131s\u0131: G1\/4 proses ba\u011flant\u0131 di\u015fi ile kolay montaj imk\u00e2n\u0131 sa\u011flar. Pompa, hidrolik ve genel proses uygulamalar\u0131nda g\u00fcvenilir \u00f6l\u00e7\u00fcm performans\u0131 sunar. Danfoss kalitesi ile uzun \u00f6m\u00fcrl\u00fc, titre\u015fime ve darbelere dayan\u0131kl\u0131 tasar\u0131ma sahiptir. Sirius Sensor stok [&hellip;]","og_url":"http:\/\/www.siriussensor.com.tr\/index.php\/product\/danfoss-mbs-1700-0-6-bar-4-20-ma-g1-4-basinc-transmitteri\/","og_site_name":"Her ad\u0131mda y&uuml;ksek teknoloji","article_modified_time":"2025-12-09T14:12:30+00:00","twitter_card":"summary_large_image","schema":{"@context":"https:\/\/schema.org","@graph":[{"@type":"WebPage","@id":"http:\/\/www.siriussensor.com.tr\/index.php\/product\/danfoss-mbs-1700-0-6-bar-4-20-ma-g1-4-basinc-transmitteri\/","url":"http:\/\/www.siriussensor.com.tr\/index.php\/product\/danfoss-mbs-1700-0-6-bar-4-20-ma-g1-4-basinc-transmitteri\/","name":"Danfoss MBS 1700 0-6 bar 4-20 mA G1\/4 Bas\u0131n\u00e7 Transmitteri - Her ad\u0131mda y&uuml;ksek teknoloji","isPartOf":{"@id":"https:\/\/www.siriussensor.com.tr\/#website"},"datePublished":"2025-12-04T13:13:26+00:00","dateModified":"2025-12-09T14:12:30+00:00","breadcrumb":{"@id":"http:\/\/www.siriussensor.com.tr\/index.php\/product\/danfoss-mbs-1700-0-6-bar-4-20-ma-g1-4-basinc-transmitteri\/#breadcrumb"},"inLanguage":"tr","potentialAction":[{"@type":"ReadAction","target":["http:\/\/www.siriussensor.com.tr\/index.php\/product\/danfoss-mbs-1700-0-6-bar-4-20-ma-g1-4-basinc-transmitteri\/"]}]},{"@type":"BreadcrumbList","@id":"http:\/\/www.siriussensor.com.tr\/index.php\/product\/danfoss-mbs-1700-0-6-bar-4-20-ma-g1-4-basinc-transmitteri\/#breadcrumb","itemListElement":[{"@type":"ListItem","position":1,"name":"Home","item":"https:\/\/www.siriussensor.com.tr\/"},{"@type":"ListItem","position":2,"name":"Ma\u011faza","item":"https:\/\/www.siriussensor.com.tr\/index.php\/shop\/"},{"@type":"ListItem","position":3,"name":"Danfoss MBS 1700 0-6 bar 4-20 mA G1\/4 Bas\u0131n\u00e7 Transmitteri"}]},{"@type":"WebSite","@id":"https:\/\/www.siriussensor.com.tr\/#website","url":"https:\/\/www.siriussensor.com.tr\/","name":"Sirius Sensor","description":"Her ad\u0131mda y&uuml;ksek teknoloji","publisher":{"@id":"https:\/\/www.siriussensor.com.tr\/#organization"},"potentialAction":[{"@type":"SearchAction","target":{"@type":"EntryPoint","urlTemplate":"https:\/\/www.siriussensor.com.tr\/?s={search_term_string}"},"query-input":{"@type":"PropertyValueSpecification","valueRequired":true,"valueName":"search_term_string"}}],"inLanguage":"tr"},{"@type":"Organization","@id":"https:\/\/www.siriussensor.com.tr\/#organization","name":"Sirius Sensor","url":"https:\/\/www.siriussensor.com.tr\/","logo":{"@type":"ImageObject","inLanguage":"tr","@id":"https:\/\/www.siriussensor.com.tr\/#\/schema\/logo\/image\/","url":"https:\/\/www.siriussensor.com.tr\/wp-content\/uploads\/2025\/10\/cropped-Sirius_Son_Logo-scaled-1.png","contentUrl":"https:\/\/www.siriussensor.com.tr\/wp-content\/uploads\/2025\/10\/cropped-Sirius_Son_Logo-scaled-1.png","width":2558,"height":1810,"caption":"Sirius Sensor"},"image":{"@id":"https:\/\/www.siriussensor.com.tr\/#\/schema\/logo\/image\/"}}]}},"jetpack_sharing_enabled":true,"_links":{"self":[{"href":"https:\/\/www.siriussensor.com.tr\/index.php\/wp-json\/wp\/v2\/product\/290","targetHints":{"allow":["GET"]}}],"collection":[{"href":"https:\/\/www.siriussensor.com.tr\/index.php\/wp-json\/wp\/v2\/product"}],"about":[{"href":"https:\/\/www.siriussensor.com.tr\/index.php\/wp-json\/wp\/v2\/types\/product"}],"replies":[{"embeddable":true,"href":"https:\/\/www.siriussensor.com.tr\/index.php\/wp-json\/wp\/v2\/comments?post=290"}],"wp:attachment":[{"href":"https:\/\/www.siriussensor.com.tr\/index.php\/wp-json\/wp\/v2\/media?parent=290"}],"wp:term":[{"taxonomy":"product_brand","embeddable":true,"href":"https:\/\/www.siriussensor.com.tr\/index.php\/wp-json\/wp\/v2\/product_brand?post=290"},{"taxonomy":"product_cat","embeddable":true,"href":"https:\/\/www.siriussensor.com.tr\/index.php\/wp-json\/wp\/v2\/product_cat?post=290"},{"taxonomy":"product_tag","embeddable":true,"href":"https:\/\/www.siriussensor.com.tr\/index.php\/wp-json\/wp\/v2\/product_tag?post=290"}],"curies":[{"name":"wp","href":"https:\/\/api.w.org\/{rel}","templated":true}]}}