{"id":1353,"date":"2025-12-12T14:43:15","date_gmt":"2025-12-12T14:43:15","guid":{"rendered":"https:\/\/www.siriussensor.com.tr\/index.php\/product\/siemens-lmv62-710a2-kontrol-cihazi\/"},"modified":"2025-12-17T05:51:53","modified_gmt":"2025-12-17T05:51:53","slug":"siemens-lmv62-710a2-kontrol-cihazi","status":"publish","type":"product","link":"https:\/\/www.siriussensor.com.tr\/index.php\/product\/siemens-lmv62-710a2-kontrol-cihazi\/","title":{"rendered":"SIEMENS LMV62.710A2 KONTROL C\u0130HAZI"},"content":{"rendered":"<p>SIEMENS LMV62.710A2 KONTROL C\u0130HAZI<br \/>\nSKU: LMV62.710A2<br \/>\nSiemens br\u00fcl\u00f6r otomati\u011fi ve kontrol cihaz\u0131 y\u00fcksek g\u00fcvenilirlik sunar.<br \/>\nProfesyonel yanma sistemleri i\u00e7in tasarlanm\u0131\u015ft\u0131r.<br \/>\nDayan\u0131kl\u0131, uzun \u00f6m\u00fcrl\u00fc ve bak\u0131m kolayl\u0131\u011f\u0131 sa\u011flar.<br \/>\nEnd\u00fcstriyel kullan\u0131m i\u00e7in idealdir.<\/p>\n","protected":false},"excerpt":{"rendered":"<p>SIEMENS LMV62.710A2 KONTROL C\u0130HAZI SKU: LMV62.710A2 Siemens br\u00fcl\u00f6r otomati\u011fi ve kontrol cihaz\u0131 y\u00fcksek g\u00fcvenilirlik sunar. Profesyonel yanma sistemleri i\u00e7in tasarlanm\u0131\u015ft\u0131r. Dayan\u0131kl\u0131, uzun \u00f6m\u00fcrl\u00fc ve bak\u0131m kolayl\u0131\u011f\u0131 sa\u011flar. End\u00fcstriyel kullan\u0131m i\u00e7in idealdir.<\/p>\n","protected":false},"featured_media":1358,"comment_status":"open","ping_status":"closed","template":"","meta":{"site-sidebar-layout":"default","site-content-layout":"","ast-site-content-layout":"default","site-content-style":"default","site-sidebar-style":"default","ast-global-header-display":"","ast-banner-title-visibility":"","ast-main-header-display":"","ast-hfb-above-header-display":"","ast-hfb-below-header-display":"","ast-hfb-mobile-header-display":"","site-post-title":"","ast-breadcrumbs-content":"","ast-featured-img":"","footer-sml-layout":"","ast-disable-related-posts":"","theme-transparent-header-meta":"default","adv-header-id-meta":"","stick-header-meta":"","header-above-stick-meta":"","header-main-stick-meta":"","header-below-stick-meta":"","astra-migrate-meta-layouts":"set","ast-page-background-enabled":"default","ast-page-background-meta":{"desktop":{"background-color":"var(--ast-global-color-5)","background-image":"","background-repeat":"repeat","background-position":"center center","background-size":"auto","background-attachment":"scroll","background-type":"","background-media":"","overlay-type":"","overlay-color":"","overlay-opacity":"","overlay-gradient":""},"tablet":{"background-color":"","background-image":"","background-repeat":"repeat","background-position":"center center","background-size":"auto","background-attachment":"scroll","background-type":"","background-media":"","overlay-type":"","overlay-color":"","overlay-opacity":"","overlay-gradient":""},"mobile":{"background-color":"","background-image":"","background-repeat":"repeat","background-position":"center center","background-size":"auto","background-attachment":"scroll","background-type":"","background-media":"","overlay-type":"","overlay-color":"","overlay-opacity":"","overlay-gradient":""}},"ast-content-background-meta":{"desktop":{"background-color":"var(--ast-global-color-4)","background-image":"","background-repeat":"repeat","background-position":"center center","background-size":"auto","background-attachment":"scroll","background-type":"","background-media":"","overlay-type":"","overlay-color":"","overlay-opacity":"","overlay-gradient":""},"tablet":{"background-color":"var(--ast-global-color-4)","background-image":"","background-repeat":"repeat","background-position":"center center","background-size":"auto","background-attachment":"scroll","background-type":"","background-media":"","overlay-type":"","overlay-color":"","overlay-opacity":"","overlay-gradient":""},"mobile":{"background-color":"var(--ast-global-color-4)","background-image":"","background-repeat":"repeat","background-position":"center center","background-size":"auto","background-attachment":"scroll","background-type":"","background-media":"","overlay-type":"","overlay-color":"","overlay-opacity":"","overlay-gradient":""}}},"product_brand":[53],"product_cat":[49],"product_tag":[],"class_list":{"0":"post-1353","1":"product","2":"type-product","3":"status-publish","4":"has-post-thumbnail","6":"product_brand-siemens","7":"product_cat-brulor","8":"desktop-align-left","9":"tablet-align-left","10":"mobile-align-left","12":"first","13":"instock","14":"taxable","15":"shipping-taxable","16":"purchasable","17":"product-type-simple"},"yoast_head":"<!-- This site is optimized with the Yoast SEO plugin v27.5 - https:\/\/yoast.com\/product\/yoast-seo-wordpress\/ -->\n<title>SIEMENS LMV62.710A2 KONTROL C\u0130HAZI - Her ad\u0131mda y&uuml;ksek teknoloji<\/title>\n<meta name=\"robots\" content=\"index, follow, max-snippet:-1, max-image-preview:large, max-video-preview:-1\" \/>\n<link rel=\"canonical\" href=\"http:\/\/www.siriussensor.com.tr\/index.php\/product\/siemens-lmv62-710a2-kontrol-cihazi\/\" \/>\n<meta property=\"og:locale\" content=\"tr_TR\" \/>\n<meta property=\"og:type\" content=\"article\" \/>\n<meta property=\"og:title\" content=\"SIEMENS LMV62.710A2 KONTROL C\u0130HAZI - Her ad\u0131mda y&uuml;ksek teknoloji\" \/>\n<meta property=\"og:description\" content=\"SIEMENS LMV62.710A2 KONTROL C\u0130HAZI SKU: LMV62.710A2 Siemens br\u00fcl\u00f6r otomati\u011fi ve kontrol cihaz\u0131 y\u00fcksek g\u00fcvenilirlik sunar. Profesyonel yanma sistemleri i\u00e7in tasarlanm\u0131\u015ft\u0131r. Dayan\u0131kl\u0131, uzun \u00f6m\u00fcrl\u00fc ve bak\u0131m kolayl\u0131\u011f\u0131 sa\u011flar. End\u00fcstriyel kullan\u0131m i\u00e7in idealdir.\" \/>\n<meta property=\"og:url\" content=\"http:\/\/www.siriussensor.com.tr\/index.php\/product\/siemens-lmv62-710a2-kontrol-cihazi\/\" \/>\n<meta property=\"og:site_name\" content=\"Her ad\u0131mda y&uuml;ksek teknoloji\" \/>\n<meta property=\"article:modified_time\" content=\"2025-12-17T05:51:53+00:00\" \/>\n<meta property=\"og:image\" content=\"http:\/\/www.siriussensor.com.tr\/wp-content\/uploads\/2025\/12\/siemens-lmv62-710a2-kontrol-cihazi-300x300-1.jpg\" \/>\n\t<meta property=\"og:image:width\" content=\"300\" \/>\n\t<meta property=\"og:image:height\" content=\"300\" \/>\n\t<meta property=\"og:image:type\" content=\"image\/jpeg\" \/>\n<meta name=\"twitter:card\" content=\"summary_large_image\" \/>\n<meta name=\"twitter:label1\" content=\"Tahmini okuma s\u00fcresi\" \/>\n\t<meta name=\"twitter:data1\" content=\"1 dakika\" \/>\n<script type=\"application\/ld+json\" class=\"yoast-schema-graph\">{\"@context\":\"https:\\\/\\\/schema.org\",\"@graph\":[{\"@type\":\"WebPage\",\"@id\":\"http:\\\/\\\/www.siriussensor.com.tr\\\/index.php\\\/product\\\/siemens-lmv62-710a2-kontrol-cihazi\\\/\",\"url\":\"http:\\\/\\\/www.siriussensor.com.tr\\\/index.php\\\/product\\\/siemens-lmv62-710a2-kontrol-cihazi\\\/\",\"name\":\"SIEMENS LMV62.710A2 KONTROL C\u0130HAZI - Her ad\u0131mda y&uuml;ksek teknoloji\",\"isPartOf\":{\"@id\":\"https:\\\/\\\/www.siriussensor.com.tr\\\/#website\"},\"primaryImageOfPage\":{\"@id\":\"http:\\\/\\\/www.siriussensor.com.tr\\\/index.php\\\/product\\\/siemens-lmv62-710a2-kontrol-cihazi\\\/#primaryimage\"},\"image\":{\"@id\":\"http:\\\/\\\/www.siriussensor.com.tr\\\/index.php\\\/product\\\/siemens-lmv62-710a2-kontrol-cihazi\\\/#primaryimage\"},\"thumbnailUrl\":\"https:\\\/\\\/www.siriussensor.com.tr\\\/wp-content\\\/uploads\\\/2025\\\/12\\\/siemens-lmv62-710a2-kontrol-cihazi-300x300-1.jpg\",\"datePublished\":\"2025-12-12T14:43:15+00:00\",\"dateModified\":\"2025-12-17T05:51:53+00:00\",\"breadcrumb\":{\"@id\":\"http:\\\/\\\/www.siriussensor.com.tr\\\/index.php\\\/product\\\/siemens-lmv62-710a2-kontrol-cihazi\\\/#breadcrumb\"},\"inLanguage\":\"tr\",\"potentialAction\":[{\"@type\":\"ReadAction\",\"target\":[\"http:\\\/\\\/www.siriussensor.com.tr\\\/index.php\\\/product\\\/siemens-lmv62-710a2-kontrol-cihazi\\\/\"]}]},{\"@type\":\"ImageObject\",\"inLanguage\":\"tr\",\"@id\":\"http:\\\/\\\/www.siriussensor.com.tr\\\/index.php\\\/product\\\/siemens-lmv62-710a2-kontrol-cihazi\\\/#primaryimage\",\"url\":\"https:\\\/\\\/www.siriussensor.com.tr\\\/wp-content\\\/uploads\\\/2025\\\/12\\\/siemens-lmv62-710a2-kontrol-cihazi-300x300-1.jpg\",\"contentUrl\":\"https:\\\/\\\/www.siriussensor.com.tr\\\/wp-content\\\/uploads\\\/2025\\\/12\\\/siemens-lmv62-710a2-kontrol-cihazi-300x300-1.jpg\",\"width\":300,\"height\":300},{\"@type\":\"BreadcrumbList\",\"@id\":\"http:\\\/\\\/www.siriussensor.com.tr\\\/index.php\\\/product\\\/siemens-lmv62-710a2-kontrol-cihazi\\\/#breadcrumb\",\"itemListElement\":[{\"@type\":\"ListItem\",\"position\":1,\"name\":\"Home\",\"item\":\"https:\\\/\\\/www.siriussensor.com.tr\\\/\"},{\"@type\":\"ListItem\",\"position\":2,\"name\":\"Ma\u011faza\",\"item\":\"https:\\\/\\\/www.siriussensor.com.tr\\\/index.php\\\/shop\\\/\"},{\"@type\":\"ListItem\",\"position\":3,\"name\":\"SIEMENS LMV62.710A2 KONTROL C\u0130HAZI\"}]},{\"@type\":\"WebSite\",\"@id\":\"https:\\\/\\\/www.siriussensor.com.tr\\\/#website\",\"url\":\"https:\\\/\\\/www.siriussensor.com.tr\\\/\",\"name\":\"Sirius Sensor\",\"description\":\"Her ad\u0131mda y&uuml;ksek teknoloji\",\"publisher\":{\"@id\":\"https:\\\/\\\/www.siriussensor.com.tr\\\/#organization\"},\"potentialAction\":[{\"@type\":\"SearchAction\",\"target\":{\"@type\":\"EntryPoint\",\"urlTemplate\":\"https:\\\/\\\/www.siriussensor.com.tr\\\/?s={search_term_string}\"},\"query-input\":{\"@type\":\"PropertyValueSpecification\",\"valueRequired\":true,\"valueName\":\"search_term_string\"}}],\"inLanguage\":\"tr\"},{\"@type\":\"Organization\",\"@id\":\"https:\\\/\\\/www.siriussensor.com.tr\\\/#organization\",\"name\":\"Sirius Sensor\",\"url\":\"https:\\\/\\\/www.siriussensor.com.tr\\\/\",\"logo\":{\"@type\":\"ImageObject\",\"inLanguage\":\"tr\",\"@id\":\"https:\\\/\\\/www.siriussensor.com.tr\\\/#\\\/schema\\\/logo\\\/image\\\/\",\"url\":\"https:\\\/\\\/www.siriussensor.com.tr\\\/wp-content\\\/uploads\\\/2025\\\/10\\\/cropped-Sirius_Son_Logo-scaled-1.png\",\"contentUrl\":\"https:\\\/\\\/www.siriussensor.com.tr\\\/wp-content\\\/uploads\\\/2025\\\/10\\\/cropped-Sirius_Son_Logo-scaled-1.png\",\"width\":2558,\"height\":1810,\"caption\":\"Sirius Sensor\"},\"image\":{\"@id\":\"https:\\\/\\\/www.siriussensor.com.tr\\\/#\\\/schema\\\/logo\\\/image\\\/\"}}]}<\/script>\n<!-- \/ Yoast SEO plugin. -->","yoast_head_json":{"title":"SIEMENS LMV62.710A2 KONTROL C\u0130HAZI - Her ad\u0131mda y&uuml;ksek teknoloji","robots":{"index":"index","follow":"follow","max-snippet":"max-snippet:-1","max-image-preview":"max-image-preview:large","max-video-preview":"max-video-preview:-1"},"canonical":"http:\/\/www.siriussensor.com.tr\/index.php\/product\/siemens-lmv62-710a2-kontrol-cihazi\/","og_locale":"tr_TR","og_type":"article","og_title":"SIEMENS LMV62.710A2 KONTROL C\u0130HAZI - Her ad\u0131mda y&uuml;ksek teknoloji","og_description":"SIEMENS LMV62.710A2 KONTROL C\u0130HAZI SKU: LMV62.710A2 Siemens br\u00fcl\u00f6r otomati\u011fi ve kontrol cihaz\u0131 y\u00fcksek g\u00fcvenilirlik sunar. Profesyonel yanma sistemleri i\u00e7in tasarlanm\u0131\u015ft\u0131r. Dayan\u0131kl\u0131, uzun \u00f6m\u00fcrl\u00fc ve bak\u0131m kolayl\u0131\u011f\u0131 sa\u011flar. End\u00fcstriyel kullan\u0131m i\u00e7in idealdir.","og_url":"http:\/\/www.siriussensor.com.tr\/index.php\/product\/siemens-lmv62-710a2-kontrol-cihazi\/","og_site_name":"Her ad\u0131mda y&uuml;ksek teknoloji","article_modified_time":"2025-12-17T05:51:53+00:00","og_image":[{"width":300,"height":300,"url":"http:\/\/www.siriussensor.com.tr\/wp-content\/uploads\/2025\/12\/siemens-lmv62-710a2-kontrol-cihazi-300x300-1.jpg","type":"image\/jpeg"}],"twitter_card":"summary_large_image","twitter_misc":{"Tahmini okuma s\u00fcresi":"1 dakika"},"schema":{"@context":"https:\/\/schema.org","@graph":[{"@type":"WebPage","@id":"http:\/\/www.siriussensor.com.tr\/index.php\/product\/siemens-lmv62-710a2-kontrol-cihazi\/","url":"http:\/\/www.siriussensor.com.tr\/index.php\/product\/siemens-lmv62-710a2-kontrol-cihazi\/","name":"SIEMENS LMV62.710A2 KONTROL C\u0130HAZI - Her ad\u0131mda y&uuml;ksek teknoloji","isPartOf":{"@id":"https:\/\/www.siriussensor.com.tr\/#website"},"primaryImageOfPage":{"@id":"http:\/\/www.siriussensor.com.tr\/index.php\/product\/siemens-lmv62-710a2-kontrol-cihazi\/#primaryimage"},"image":{"@id":"http:\/\/www.siriussensor.com.tr\/index.php\/product\/siemens-lmv62-710a2-kontrol-cihazi\/#primaryimage"},"thumbnailUrl":"https:\/\/www.siriussensor.com.tr\/wp-content\/uploads\/2025\/12\/siemens-lmv62-710a2-kontrol-cihazi-300x300-1.jpg","datePublished":"2025-12-12T14:43:15+00:00","dateModified":"2025-12-17T05:51:53+00:00","breadcrumb":{"@id":"http:\/\/www.siriussensor.com.tr\/index.php\/product\/siemens-lmv62-710a2-kontrol-cihazi\/#breadcrumb"},"inLanguage":"tr","potentialAction":[{"@type":"ReadAction","target":["http:\/\/www.siriussensor.com.tr\/index.php\/product\/siemens-lmv62-710a2-kontrol-cihazi\/"]}]},{"@type":"ImageObject","inLanguage":"tr","@id":"http:\/\/www.siriussensor.com.tr\/index.php\/product\/siemens-lmv62-710a2-kontrol-cihazi\/#primaryimage","url":"https:\/\/www.siriussensor.com.tr\/wp-content\/uploads\/2025\/12\/siemens-lmv62-710a2-kontrol-cihazi-300x300-1.jpg","contentUrl":"https:\/\/www.siriussensor.com.tr\/wp-content\/uploads\/2025\/12\/siemens-lmv62-710a2-kontrol-cihazi-300x300-1.jpg","width":300,"height":300},{"@type":"BreadcrumbList","@id":"http:\/\/www.siriussensor.com.tr\/index.php\/product\/siemens-lmv62-710a2-kontrol-cihazi\/#breadcrumb","itemListElement":[{"@type":"ListItem","position":1,"name":"Home","item":"https:\/\/www.siriussensor.com.tr\/"},{"@type":"ListItem","position":2,"name":"Ma\u011faza","item":"https:\/\/www.siriussensor.com.tr\/index.php\/shop\/"},{"@type":"ListItem","position":3,"name":"SIEMENS LMV62.710A2 KONTROL C\u0130HAZI"}]},{"@type":"WebSite","@id":"https:\/\/www.siriussensor.com.tr\/#website","url":"https:\/\/www.siriussensor.com.tr\/","name":"Sirius Sensor","description":"Her ad\u0131mda y&uuml;ksek teknoloji","publisher":{"@id":"https:\/\/www.siriussensor.com.tr\/#organization"},"potentialAction":[{"@type":"SearchAction","target":{"@type":"EntryPoint","urlTemplate":"https:\/\/www.siriussensor.com.tr\/?s={search_term_string}"},"query-input":{"@type":"PropertyValueSpecification","valueRequired":true,"valueName":"search_term_string"}}],"inLanguage":"tr"},{"@type":"Organization","@id":"https:\/\/www.siriussensor.com.tr\/#organization","name":"Sirius Sensor","url":"https:\/\/www.siriussensor.com.tr\/","logo":{"@type":"ImageObject","inLanguage":"tr","@id":"https:\/\/www.siriussensor.com.tr\/#\/schema\/logo\/image\/","url":"https:\/\/www.siriussensor.com.tr\/wp-content\/uploads\/2025\/10\/cropped-Sirius_Son_Logo-scaled-1.png","contentUrl":"https:\/\/www.siriussensor.com.tr\/wp-content\/uploads\/2025\/10\/cropped-Sirius_Son_Logo-scaled-1.png","width":2558,"height":1810,"caption":"Sirius Sensor"},"image":{"@id":"https:\/\/www.siriussensor.com.tr\/#\/schema\/logo\/image\/"}}]}},"jetpack_sharing_enabled":true,"_links":{"self":[{"href":"https:\/\/www.siriussensor.com.tr\/index.php\/wp-json\/wp\/v2\/product\/1353","targetHints":{"allow":["GET"]}}],"collection":[{"href":"https:\/\/www.siriussensor.com.tr\/index.php\/wp-json\/wp\/v2\/product"}],"about":[{"href":"https:\/\/www.siriussensor.com.tr\/index.php\/wp-json\/wp\/v2\/types\/product"}],"replies":[{"embeddable":true,"href":"https:\/\/www.siriussensor.com.tr\/index.php\/wp-json\/wp\/v2\/comments?post=1353"}],"wp:featuredmedia":[{"embeddable":true,"href":"https:\/\/www.siriussensor.com.tr\/index.php\/wp-json\/wp\/v2\/media\/1358"}],"wp:attachment":[{"href":"https:\/\/www.siriussensor.com.tr\/index.php\/wp-json\/wp\/v2\/media?parent=1353"}],"wp:term":[{"taxonomy":"product_brand","embeddable":true,"href":"https:\/\/www.siriussensor.com.tr\/index.php\/wp-json\/wp\/v2\/product_brand?post=1353"},{"taxonomy":"product_cat","embeddable":true,"href":"https:\/\/www.siriussensor.com.tr\/index.php\/wp-json\/wp\/v2\/product_cat?post=1353"},{"taxonomy":"product_tag","embeddable":true,"href":"https:\/\/www.siriussensor.com.tr\/index.php\/wp-json\/wp\/v2\/product_tag?post=1353"}],"curies":[{"name":"wp","href":"https:\/\/api.w.org\/{rel}","templated":true}]}}