{"id":1079,"date":"2025-12-12T09:18:56","date_gmt":"2025-12-12T09:18:56","guid":{"rendered":"https:\/\/www.siriussensor.com.tr\/index.php\/product\/danfoss-032u7121-ev220b-3-4-n-k-solenoid-valf-govdesi\/"},"modified":"2025-12-12T09:20:47","modified_gmt":"2025-12-12T09:20:47","slug":"danfoss-032u7121-ev220b-3-4-n-k-solenoid-valf-govdesi","status":"publish","type":"product","link":"https:\/\/www.siriussensor.com.tr\/index.php\/product\/danfoss-032u7121-ev220b-3-4-n-k-solenoid-valf-govdesi\/","title":{"rendered":"Danfoss 032U7121 EV220B 3\/4&#8243; N.K. SOLENO\u0130D VALF G\u00d6VDES\u0130"},"content":{"rendered":"<p>EV220B serisi end\u00fcstriyel ak\u0131\u015fkan kontrol uygulamalar\u0131nda kullan\u0131lan solenoid valf g\u00f6vdesidir.<br \/>\nNormalde kapal\u0131 (N.K.) tip solenoid valftir.<br \/>\nGiri\u015f\/\u00e7\u0131k\u0131\u015f ba\u011flant\u0131 \u00e7ap\u0131: 032 ba\u011flant\u0131 standard\u0131na uygundur.<br \/>\nSu, ya\u011f ve benzeri ak\u0131\u015fkanlar\u0131n otomatik a\u00e7ma\/kapama kontrol\u00fc i\u00e7in uygundur.<br \/>\nDanfoss kalitesi ile uzun \u00f6m\u00fcrl\u00fc, g\u00fcvenilir ve bak\u0131m ihtiyac\u0131 d\u00fc\u015f\u00fck bir \u00e7\u00f6z\u00fcmd\u00fcr.<br \/>\nSirius Sensor stok \/ \u00fcr\u00fcn kodu: 032U7121.<\/p>\n","protected":false},"excerpt":{"rendered":"<p>EV220B serisi end\u00fcstriyel ak\u0131\u015fkan kontrol uygulamalar\u0131nda kullan\u0131lan solenoid valf g\u00f6vdesidir. Normalde kapal\u0131 (N.K.) tip solenoid valftir. Giri\u015f\/\u00e7\u0131k\u0131\u015f ba\u011flant\u0131 \u00e7ap\u0131: 032 ba\u011flant\u0131 standard\u0131na uygundur. Su, ya\u011f ve benzeri ak\u0131\u015fkanlar\u0131n otomatik a\u00e7ma\/kapama kontrol\u00fc i\u00e7in uygundur. Danfoss kalitesi ile uzun \u00f6m\u00fcrl\u00fc, g\u00fcvenilir ve bak\u0131m ihtiyac\u0131 d\u00fc\u015f\u00fck bir \u00e7\u00f6z\u00fcmd\u00fcr. Sirius Sensor stok \/ \u00fcr\u00fcn kodu: 032U7121.<\/p>\n","protected":false},"featured_media":0,"comment_status":"open","ping_status":"closed","template":"","meta":{"site-sidebar-layout":"default","site-content-layout":"","ast-site-content-layout":"default","site-content-style":"default","site-sidebar-style":"default","ast-global-header-display":"","ast-banner-title-visibility":"","ast-main-header-display":"","ast-hfb-above-header-display":"","ast-hfb-below-header-display":"","ast-hfb-mobile-header-display":"","site-post-title":"","ast-breadcrumbs-content":"","ast-featured-img":"","footer-sml-layout":"","ast-disable-related-posts":"","theme-transparent-header-meta":"","adv-header-id-meta":"","stick-header-meta":"","header-above-stick-meta":"","header-main-stick-meta":"","header-below-stick-meta":"","astra-migrate-meta-layouts":"default","ast-page-background-enabled":"default","ast-page-background-meta":{"desktop":{"background-color":"var(--ast-global-color-5)","background-image":"","background-repeat":"repeat","background-position":"center center","background-size":"auto","background-attachment":"scroll","background-type":"","background-media":"","overlay-type":"","overlay-color":"","overlay-opacity":"","overlay-gradient":""},"tablet":{"background-color":"","background-image":"","background-repeat":"repeat","background-position":"center center","background-size":"auto","background-attachment":"scroll","background-type":"","background-media":"","overlay-type":"","overlay-color":"","overlay-opacity":"","overlay-gradient":""},"mobile":{"background-color":"","background-image":"","background-repeat":"repeat","background-position":"center center","background-size":"auto","background-attachment":"scroll","background-type":"","background-media":"","overlay-type":"","overlay-color":"","overlay-opacity":"","overlay-gradient":""}},"ast-content-background-meta":{"desktop":{"background-color":"var(--ast-global-color-4)","background-image":"","background-repeat":"repeat","background-position":"center center","background-size":"auto","background-attachment":"scroll","background-type":"","background-media":"","overlay-type":"","overlay-color":"","overlay-opacity":"","overlay-gradient":""},"tablet":{"background-color":"var(--ast-global-color-4)","background-image":"","background-repeat":"repeat","background-position":"center center","background-size":"auto","background-attachment":"scroll","background-type":"","background-media":"","overlay-type":"","overlay-color":"","overlay-opacity":"","overlay-gradient":""},"mobile":{"background-color":"var(--ast-global-color-4)","background-image":"","background-repeat":"repeat","background-position":"center center","background-size":"auto","background-attachment":"scroll","background-type":"","background-media":"","overlay-type":"","overlay-color":"","overlay-opacity":"","overlay-gradient":""}}},"product_brand":[18],"product_cat":[48],"product_tag":[],"class_list":{"0":"post-1079","1":"product","2":"type-product","3":"status-publish","5":"product_brand-danfoss","6":"product_cat-solenoid-valf","7":"desktop-align-left","8":"tablet-align-left","9":"mobile-align-left","11":"first","12":"instock","13":"taxable","14":"shipping-taxable","15":"purchasable","16":"product-type-simple"},"yoast_head":"<!-- This site is optimized with the Yoast SEO plugin v27.5 - https:\/\/yoast.com\/product\/yoast-seo-wordpress\/ -->\n<title>Danfoss 032U7121 EV220B 3\/4&quot; N.K. SOLENO\u0130D VALF G\u00d6VDES\u0130 - Her ad\u0131mda y&uuml;ksek teknoloji<\/title>\n<meta name=\"robots\" content=\"index, follow, max-snippet:-1, max-image-preview:large, max-video-preview:-1\" \/>\n<link rel=\"canonical\" href=\"http:\/\/www.siriussensor.com.tr\/index.php\/product\/danfoss-032u7121-ev220b-3-4-n-k-solenoid-valf-govdesi\/\" \/>\n<meta property=\"og:locale\" content=\"tr_TR\" \/>\n<meta property=\"og:type\" content=\"article\" \/>\n<meta property=\"og:title\" content=\"Danfoss 032U7121 EV220B 3\/4&quot; N.K. SOLENO\u0130D VALF G\u00d6VDES\u0130 - Her ad\u0131mda y&uuml;ksek teknoloji\" \/>\n<meta property=\"og:description\" content=\"EV220B serisi end\u00fcstriyel ak\u0131\u015fkan kontrol uygulamalar\u0131nda kullan\u0131lan solenoid valf g\u00f6vdesidir. Normalde kapal\u0131 (N.K.) tip solenoid valftir. Giri\u015f\/\u00e7\u0131k\u0131\u015f ba\u011flant\u0131 \u00e7ap\u0131: 032 ba\u011flant\u0131 standard\u0131na uygundur. Su, ya\u011f ve benzeri ak\u0131\u015fkanlar\u0131n otomatik a\u00e7ma\/kapama kontrol\u00fc i\u00e7in uygundur. Danfoss kalitesi ile uzun \u00f6m\u00fcrl\u00fc, g\u00fcvenilir ve bak\u0131m ihtiyac\u0131 d\u00fc\u015f\u00fck bir \u00e7\u00f6z\u00fcmd\u00fcr. Sirius Sensor stok \/ \u00fcr\u00fcn kodu: 032U7121.\" \/>\n<meta property=\"og:url\" content=\"http:\/\/www.siriussensor.com.tr\/index.php\/product\/danfoss-032u7121-ev220b-3-4-n-k-solenoid-valf-govdesi\/\" \/>\n<meta property=\"og:site_name\" content=\"Her ad\u0131mda y&uuml;ksek teknoloji\" \/>\n<meta property=\"article:modified_time\" content=\"2025-12-12T09:20:47+00:00\" \/>\n<meta name=\"twitter:card\" content=\"summary_large_image\" \/>\n<script type=\"application\/ld+json\" class=\"yoast-schema-graph\">{\"@context\":\"https:\\\/\\\/schema.org\",\"@graph\":[{\"@type\":\"WebPage\",\"@id\":\"http:\\\/\\\/www.siriussensor.com.tr\\\/index.php\\\/product\\\/danfoss-032u7121-ev220b-3-4-n-k-solenoid-valf-govdesi\\\/\",\"url\":\"http:\\\/\\\/www.siriussensor.com.tr\\\/index.php\\\/product\\\/danfoss-032u7121-ev220b-3-4-n-k-solenoid-valf-govdesi\\\/\",\"name\":\"Danfoss 032U7121 EV220B 3\\\/4\\\" N.K. SOLENO\u0130D VALF G\u00d6VDES\u0130 - Her ad\u0131mda y&uuml;ksek teknoloji\",\"isPartOf\":{\"@id\":\"https:\\\/\\\/www.siriussensor.com.tr\\\/#website\"},\"datePublished\":\"2025-12-12T09:18:56+00:00\",\"dateModified\":\"2025-12-12T09:20:47+00:00\",\"breadcrumb\":{\"@id\":\"http:\\\/\\\/www.siriussensor.com.tr\\\/index.php\\\/product\\\/danfoss-032u7121-ev220b-3-4-n-k-solenoid-valf-govdesi\\\/#breadcrumb\"},\"inLanguage\":\"tr\",\"potentialAction\":[{\"@type\":\"ReadAction\",\"target\":[\"http:\\\/\\\/www.siriussensor.com.tr\\\/index.php\\\/product\\\/danfoss-032u7121-ev220b-3-4-n-k-solenoid-valf-govdesi\\\/\"]}]},{\"@type\":\"BreadcrumbList\",\"@id\":\"http:\\\/\\\/www.siriussensor.com.tr\\\/index.php\\\/product\\\/danfoss-032u7121-ev220b-3-4-n-k-solenoid-valf-govdesi\\\/#breadcrumb\",\"itemListElement\":[{\"@type\":\"ListItem\",\"position\":1,\"name\":\"Home\",\"item\":\"https:\\\/\\\/www.siriussensor.com.tr\\\/\"},{\"@type\":\"ListItem\",\"position\":2,\"name\":\"Ma\u011faza\",\"item\":\"https:\\\/\\\/www.siriussensor.com.tr\\\/index.php\\\/shop\\\/\"},{\"@type\":\"ListItem\",\"position\":3,\"name\":\"Danfoss 032U7121 EV220B 3\\\/4&#8243; N.K. SOLENO\u0130D VALF G\u00d6VDES\u0130\"}]},{\"@type\":\"WebSite\",\"@id\":\"https:\\\/\\\/www.siriussensor.com.tr\\\/#website\",\"url\":\"https:\\\/\\\/www.siriussensor.com.tr\\\/\",\"name\":\"Sirius Sensor\",\"description\":\"Her ad\u0131mda y&uuml;ksek teknoloji\",\"publisher\":{\"@id\":\"https:\\\/\\\/www.siriussensor.com.tr\\\/#organization\"},\"potentialAction\":[{\"@type\":\"SearchAction\",\"target\":{\"@type\":\"EntryPoint\",\"urlTemplate\":\"https:\\\/\\\/www.siriussensor.com.tr\\\/?s={search_term_string}\"},\"query-input\":{\"@type\":\"PropertyValueSpecification\",\"valueRequired\":true,\"valueName\":\"search_term_string\"}}],\"inLanguage\":\"tr\"},{\"@type\":\"Organization\",\"@id\":\"https:\\\/\\\/www.siriussensor.com.tr\\\/#organization\",\"name\":\"Sirius Sensor\",\"url\":\"https:\\\/\\\/www.siriussensor.com.tr\\\/\",\"logo\":{\"@type\":\"ImageObject\",\"inLanguage\":\"tr\",\"@id\":\"https:\\\/\\\/www.siriussensor.com.tr\\\/#\\\/schema\\\/logo\\\/image\\\/\",\"url\":\"https:\\\/\\\/www.siriussensor.com.tr\\\/wp-content\\\/uploads\\\/2025\\\/10\\\/cropped-Sirius_Son_Logo-scaled-1.png\",\"contentUrl\":\"https:\\\/\\\/www.siriussensor.com.tr\\\/wp-content\\\/uploads\\\/2025\\\/10\\\/cropped-Sirius_Son_Logo-scaled-1.png\",\"width\":2558,\"height\":1810,\"caption\":\"Sirius Sensor\"},\"image\":{\"@id\":\"https:\\\/\\\/www.siriussensor.com.tr\\\/#\\\/schema\\\/logo\\\/image\\\/\"}}]}<\/script>\n<!-- \/ Yoast SEO plugin. -->","yoast_head_json":{"title":"Danfoss 032U7121 EV220B 3\/4\" N.K. SOLENO\u0130D VALF G\u00d6VDES\u0130 - Her ad\u0131mda y&uuml;ksek teknoloji","robots":{"index":"index","follow":"follow","max-snippet":"max-snippet:-1","max-image-preview":"max-image-preview:large","max-video-preview":"max-video-preview:-1"},"canonical":"http:\/\/www.siriussensor.com.tr\/index.php\/product\/danfoss-032u7121-ev220b-3-4-n-k-solenoid-valf-govdesi\/","og_locale":"tr_TR","og_type":"article","og_title":"Danfoss 032U7121 EV220B 3\/4\" N.K. SOLENO\u0130D VALF G\u00d6VDES\u0130 - Her ad\u0131mda y&uuml;ksek teknoloji","og_description":"EV220B serisi end\u00fcstriyel ak\u0131\u015fkan kontrol uygulamalar\u0131nda kullan\u0131lan solenoid valf g\u00f6vdesidir. Normalde kapal\u0131 (N.K.) tip solenoid valftir. Giri\u015f\/\u00e7\u0131k\u0131\u015f ba\u011flant\u0131 \u00e7ap\u0131: 032 ba\u011flant\u0131 standard\u0131na uygundur. Su, ya\u011f ve benzeri ak\u0131\u015fkanlar\u0131n otomatik a\u00e7ma\/kapama kontrol\u00fc i\u00e7in uygundur. Danfoss kalitesi ile uzun \u00f6m\u00fcrl\u00fc, g\u00fcvenilir ve bak\u0131m ihtiyac\u0131 d\u00fc\u015f\u00fck bir \u00e7\u00f6z\u00fcmd\u00fcr. Sirius Sensor stok \/ \u00fcr\u00fcn kodu: 032U7121.","og_url":"http:\/\/www.siriussensor.com.tr\/index.php\/product\/danfoss-032u7121-ev220b-3-4-n-k-solenoid-valf-govdesi\/","og_site_name":"Her ad\u0131mda y&uuml;ksek teknoloji","article_modified_time":"2025-12-12T09:20:47+00:00","twitter_card":"summary_large_image","schema":{"@context":"https:\/\/schema.org","@graph":[{"@type":"WebPage","@id":"http:\/\/www.siriussensor.com.tr\/index.php\/product\/danfoss-032u7121-ev220b-3-4-n-k-solenoid-valf-govdesi\/","url":"http:\/\/www.siriussensor.com.tr\/index.php\/product\/danfoss-032u7121-ev220b-3-4-n-k-solenoid-valf-govdesi\/","name":"Danfoss 032U7121 EV220B 3\/4\" N.K. SOLENO\u0130D VALF G\u00d6VDES\u0130 - Her ad\u0131mda y&uuml;ksek teknoloji","isPartOf":{"@id":"https:\/\/www.siriussensor.com.tr\/#website"},"datePublished":"2025-12-12T09:18:56+00:00","dateModified":"2025-12-12T09:20:47+00:00","breadcrumb":{"@id":"http:\/\/www.siriussensor.com.tr\/index.php\/product\/danfoss-032u7121-ev220b-3-4-n-k-solenoid-valf-govdesi\/#breadcrumb"},"inLanguage":"tr","potentialAction":[{"@type":"ReadAction","target":["http:\/\/www.siriussensor.com.tr\/index.php\/product\/danfoss-032u7121-ev220b-3-4-n-k-solenoid-valf-govdesi\/"]}]},{"@type":"BreadcrumbList","@id":"http:\/\/www.siriussensor.com.tr\/index.php\/product\/danfoss-032u7121-ev220b-3-4-n-k-solenoid-valf-govdesi\/#breadcrumb","itemListElement":[{"@type":"ListItem","position":1,"name":"Home","item":"https:\/\/www.siriussensor.com.tr\/"},{"@type":"ListItem","position":2,"name":"Ma\u011faza","item":"https:\/\/www.siriussensor.com.tr\/index.php\/shop\/"},{"@type":"ListItem","position":3,"name":"Danfoss 032U7121 EV220B 3\/4&#8243; N.K. SOLENO\u0130D VALF G\u00d6VDES\u0130"}]},{"@type":"WebSite","@id":"https:\/\/www.siriussensor.com.tr\/#website","url":"https:\/\/www.siriussensor.com.tr\/","name":"Sirius Sensor","description":"Her ad\u0131mda y&uuml;ksek teknoloji","publisher":{"@id":"https:\/\/www.siriussensor.com.tr\/#organization"},"potentialAction":[{"@type":"SearchAction","target":{"@type":"EntryPoint","urlTemplate":"https:\/\/www.siriussensor.com.tr\/?s={search_term_string}"},"query-input":{"@type":"PropertyValueSpecification","valueRequired":true,"valueName":"search_term_string"}}],"inLanguage":"tr"},{"@type":"Organization","@id":"https:\/\/www.siriussensor.com.tr\/#organization","name":"Sirius Sensor","url":"https:\/\/www.siriussensor.com.tr\/","logo":{"@type":"ImageObject","inLanguage":"tr","@id":"https:\/\/www.siriussensor.com.tr\/#\/schema\/logo\/image\/","url":"https:\/\/www.siriussensor.com.tr\/wp-content\/uploads\/2025\/10\/cropped-Sirius_Son_Logo-scaled-1.png","contentUrl":"https:\/\/www.siriussensor.com.tr\/wp-content\/uploads\/2025\/10\/cropped-Sirius_Son_Logo-scaled-1.png","width":2558,"height":1810,"caption":"Sirius Sensor"},"image":{"@id":"https:\/\/www.siriussensor.com.tr\/#\/schema\/logo\/image\/"}}]}},"jetpack_sharing_enabled":true,"_links":{"self":[{"href":"https:\/\/www.siriussensor.com.tr\/index.php\/wp-json\/wp\/v2\/product\/1079","targetHints":{"allow":["GET"]}}],"collection":[{"href":"https:\/\/www.siriussensor.com.tr\/index.php\/wp-json\/wp\/v2\/product"}],"about":[{"href":"https:\/\/www.siriussensor.com.tr\/index.php\/wp-json\/wp\/v2\/types\/product"}],"replies":[{"embeddable":true,"href":"https:\/\/www.siriussensor.com.tr\/index.php\/wp-json\/wp\/v2\/comments?post=1079"}],"wp:attachment":[{"href":"https:\/\/www.siriussensor.com.tr\/index.php\/wp-json\/wp\/v2\/media?parent=1079"}],"wp:term":[{"taxonomy":"product_brand","embeddable":true,"href":"https:\/\/www.siriussensor.com.tr\/index.php\/wp-json\/wp\/v2\/product_brand?post=1079"},{"taxonomy":"product_cat","embeddable":true,"href":"https:\/\/www.siriussensor.com.tr\/index.php\/wp-json\/wp\/v2\/product_cat?post=1079"},{"taxonomy":"product_tag","embeddable":true,"href":"https:\/\/www.siriussensor.com.tr\/index.php\/wp-json\/wp\/v2\/product_tag?post=1079"}],"curies":[{"name":"wp","href":"https:\/\/api.w.org\/{rel}","templated":true}]}}