{"id":1559,"date":"2026-01-23T13:03:09","date_gmt":"2026-01-23T13:03:09","guid":{"rendered":"https:\/\/www.siriussensor.com.tr\/?page_id=1559"},"modified":"2026-01-23T14:33:54","modified_gmt":"2026-01-23T14:33:54","slug":"hakkimizda","status":"publish","type":"page","link":"https:\/\/www.siriussensor.com.tr\/index.php\/hakkimizda\/","title":{"rendered":"Hakk\u0131m\u0131zda"},"content":{"rendered":"\n<p>Tarihte buhar g\u00fcc\u00fc, elektrik enerjisi ve sanayi devrimlerinden sonra, dijitalle\u015fme ile ger\u00e7ekle\u015fen 4. End\u00fcstri Devrimi ile birlikte ak\u0131ll\u0131 makineler, tamamen internet \u00fczerinden kontrol edilebilen prosesler \u00fcretimin olmazsa olmaz\u0131 haline geldi.<\/p>\n\n\n\n<p>Sirius Sens\u00f6r de h\u0131zla geli\u015fen yeni teknolojilerin en \u00fcst seviyede uyguland\u0131\u011f\u0131 end\u00fcstrilere y\u00f6nelik hizmetler sunarak \u00fcretim kalitelerini artt\u0131ran, kendini s\u00fcrekli geli\u015ftiren, yenilik\u00e7i ve sorumluluk ta\u015f\u0131yan vizyoner ruhuyla 2019 y\u0131l\u0131nda kurulmu\u015ftur.<\/p>\n\n\n\n<p>Farkl\u0131 \u015firketlerde 15 y\u0131l\u0131 a\u015fk\u0131n s\u00fcredir elektronik sens\u00f6rler konusunda m\u00fc\u015fterilerimize \u00e7\u00f6z\u00fcmler sunduk. Geldi\u011fimiz noktada \u00fcr\u00fcn \u00e7e\u015fitlili\u011fimizi artt\u0131rmak ve hizmet verdi\u011fimiz alanlar\u0131 geni\u015fletmek amac\u0131yla yola \u00e7\u0131kt\u0131k. G\u00fcn\u00fcm\u00fcz \u015fartlar\u0131nda internet \u00fczerinden diledi\u011fimiz her \u00fcr\u00fcne ula\u015fabiliyoruz fakat kullanaca\u011f\u0131m\u0131z \u00fcr\u00fcn\u00fcn hangi \u015fartlarda \u00e7al\u0131\u015faca\u011f\u0131na, hassasiyetlerine ve hangi verileri sa\u011flayaca\u011f\u0131na karar vermek bize hem zaman kaybettirmekte hem de yanl\u0131\u015f yap\u0131lan bir tercih i\u015fletmemize maddi zararlar verebilmektedir. \u0130\u015fte bu noktada m\u00fc\u015fterilerimize daha projelerinin en ba\u015f\u0131nda, bir \u00fcr\u00fcn\u00fc al\u0131rken kazan\u00e7 sa\u011flayacaklar\u0131 alternatifleri sunmaktay\u0131z.<\/p>\n","protected":false},"excerpt":{"rendered":"<p>Tarihte buhar g\u00fcc\u00fc, elektrik enerjisi ve sanayi devrimlerinden sonra, dijitalle\u015fme ile ger\u00e7ekle\u015fen 4. End\u00fcstri Devrimi ile birlikte ak\u0131ll\u0131 makineler, tamamen internet \u00fczerinden kontrol edilebilen prosesler \u00fcretimin olmazsa olmaz\u0131 haline geldi. Sirius Sens\u00f6r de h\u0131zla geli\u015fen yeni teknolojilerin en \u00fcst seviyede uyguland\u0131\u011f\u0131 end\u00fcstrilere y\u00f6nelik hizmetler sunarak \u00fcretim kalitelerini artt\u0131ran, kendini s\u00fcrekli geli\u015ftiren, yenilik\u00e7i ve sorumluluk ta\u015f\u0131yan [&hellip;]<\/p>\n","protected":false},"author":1,"featured_media":0,"parent":0,"menu_order":0,"comment_status":"closed","ping_status":"closed","template":"","meta":{"site-sidebar-layout":"default","site-content-layout":"","ast-site-content-layout":"default","site-content-style":"default","site-sidebar-style":"default","ast-global-header-display":"","ast-banner-title-visibility":"","ast-main-header-display":"","ast-hfb-above-header-display":"","ast-hfb-below-header-display":"","ast-hfb-mobile-header-display":"","site-post-title":"","ast-breadcrumbs-content":"","ast-featured-img":"","footer-sml-layout":"","ast-disable-related-posts":"","theme-transparent-header-meta":"","adv-header-id-meta":"","stick-header-meta":"","header-above-stick-meta":"","header-main-stick-meta":"","header-below-stick-meta":"","astra-migrate-meta-layouts":"default","ast-page-background-enabled":"default","ast-page-background-meta":{"desktop":{"background-color":"var(--ast-global-color-5)","background-image":"","background-repeat":"repeat","background-position":"center center","background-size":"auto","background-attachment":"scroll","background-type":"","background-media":"","overlay-type":"","overlay-color":"","overlay-opacity":"","overlay-gradient":""},"tablet":{"background-color":"","background-image":"","background-repeat":"repeat","background-position":"center center","background-size":"auto","background-attachment":"scroll","background-type":"","background-media":"","overlay-type":"","overlay-color":"","overlay-opacity":"","overlay-gradient":""},"mobile":{"background-color":"","background-image":"","background-repeat":"repeat","background-position":"center center","background-size":"auto","background-attachment":"scroll","background-type":"","background-media":"","overlay-type":"","overlay-color":"","overlay-opacity":"","overlay-gradient":""}},"ast-content-background-meta":{"desktop":{"background-color":"var(--ast-global-color-4)","background-image":"","background-repeat":"repeat","background-position":"center center","background-size":"auto","background-attachment":"scroll","background-type":"","background-media":"","overlay-type":"","overlay-color":"","overlay-opacity":"","overlay-gradient":""},"tablet":{"background-color":"var(--ast-global-color-4)","background-image":"","background-repeat":"repeat","background-position":"center center","background-size":"auto","background-attachment":"scroll","background-type":"","background-media":"","overlay-type":"","overlay-color":"","overlay-opacity":"","overlay-gradient":""},"mobile":{"background-color":"var(--ast-global-color-4)","background-image":"","background-repeat":"repeat","background-position":"center center","background-size":"auto","background-attachment":"scroll","background-type":"","background-media":"","overlay-type":"","overlay-color":"","overlay-opacity":"","overlay-gradient":""}},"footnotes":""},"class_list":["post-1559","page","type-page","status-publish","hentry"],"yoast_head":"<!-- This site is optimized with the Yoast SEO plugin v27.5 - https:\/\/yoast.com\/product\/yoast-seo-wordpress\/ -->\n<title>Hakk\u0131m\u0131zda - Her ad\u0131mda y&uuml;ksek teknoloji<\/title>\n<meta name=\"robots\" content=\"index, follow, max-snippet:-1, max-image-preview:large, max-video-preview:-1\" \/>\n<link rel=\"canonical\" href=\"http:\/\/www.siriussensor.com.tr\/index.php\/hakkimizda\/\" \/>\n<meta property=\"og:locale\" content=\"tr_TR\" \/>\n<meta property=\"og:type\" content=\"article\" \/>\n<meta property=\"og:title\" content=\"Hakk\u0131m\u0131zda - Her ad\u0131mda y&uuml;ksek teknoloji\" \/>\n<meta property=\"og:description\" content=\"Tarihte buhar g\u00fcc\u00fc, elektrik enerjisi ve sanayi devrimlerinden sonra, dijitalle\u015fme ile ger\u00e7ekle\u015fen 4. End\u00fcstri Devrimi ile birlikte ak\u0131ll\u0131 makineler, tamamen internet \u00fczerinden kontrol edilebilen prosesler \u00fcretimin olmazsa olmaz\u0131 haline geldi. Sirius Sens\u00f6r de h\u0131zla geli\u015fen yeni teknolojilerin en \u00fcst seviyede uyguland\u0131\u011f\u0131 end\u00fcstrilere y\u00f6nelik hizmetler sunarak \u00fcretim kalitelerini artt\u0131ran, kendini s\u00fcrekli geli\u015ftiren, yenilik\u00e7i ve sorumluluk ta\u015f\u0131yan [&hellip;]\" \/>\n<meta property=\"og:url\" content=\"http:\/\/www.siriussensor.com.tr\/index.php\/hakkimizda\/\" \/>\n<meta property=\"og:site_name\" content=\"Her ad\u0131mda y&uuml;ksek teknoloji\" \/>\n<meta property=\"article:modified_time\" content=\"2026-01-23T14:33:54+00:00\" \/>\n<meta name=\"twitter:card\" content=\"summary_large_image\" \/>\n<meta name=\"twitter:label1\" content=\"Tahmini okuma s\u00fcresi\" \/>\n\t<meta name=\"twitter:data1\" content=\"1 dakika\" \/>\n<script type=\"application\/ld+json\" class=\"yoast-schema-graph\">{\"@context\":\"https:\\\/\\\/schema.org\",\"@graph\":[{\"@type\":\"WebPage\",\"@id\":\"http:\\\/\\\/www.siriussensor.com.tr\\\/index.php\\\/hakkimizda\\\/\",\"url\":\"http:\\\/\\\/www.siriussensor.com.tr\\\/index.php\\\/hakkimizda\\\/\",\"name\":\"Hakk\u0131m\u0131zda - Her ad\u0131mda y&uuml;ksek teknoloji\",\"isPartOf\":{\"@id\":\"https:\\\/\\\/www.siriussensor.com.tr\\\/#website\"},\"datePublished\":\"2026-01-23T13:03:09+00:00\",\"dateModified\":\"2026-01-23T14:33:54+00:00\",\"breadcrumb\":{\"@id\":\"http:\\\/\\\/www.siriussensor.com.tr\\\/index.php\\\/hakkimizda\\\/#breadcrumb\"},\"inLanguage\":\"tr\",\"potentialAction\":[{\"@type\":\"ReadAction\",\"target\":[\"http:\\\/\\\/www.siriussensor.com.tr\\\/index.php\\\/hakkimizda\\\/\"]}]},{\"@type\":\"BreadcrumbList\",\"@id\":\"http:\\\/\\\/www.siriussensor.com.tr\\\/index.php\\\/hakkimizda\\\/#breadcrumb\",\"itemListElement\":[{\"@type\":\"ListItem\",\"position\":1,\"name\":\"Home\",\"item\":\"https:\\\/\\\/www.siriussensor.com.tr\\\/\"},{\"@type\":\"ListItem\",\"position\":2,\"name\":\"Hakk\u0131m\u0131zda\"}]},{\"@type\":\"WebSite\",\"@id\":\"https:\\\/\\\/www.siriussensor.com.tr\\\/#website\",\"url\":\"https:\\\/\\\/www.siriussensor.com.tr\\\/\",\"name\":\"Sirius Sensor\",\"description\":\"Her ad\u0131mda y&uuml;ksek teknoloji\",\"publisher\":{\"@id\":\"https:\\\/\\\/www.siriussensor.com.tr\\\/#organization\"},\"potentialAction\":[{\"@type\":\"SearchAction\",\"target\":{\"@type\":\"EntryPoint\",\"urlTemplate\":\"https:\\\/\\\/www.siriussensor.com.tr\\\/?s={search_term_string}\"},\"query-input\":{\"@type\":\"PropertyValueSpecification\",\"valueRequired\":true,\"valueName\":\"search_term_string\"}}],\"inLanguage\":\"tr\"},{\"@type\":\"Organization\",\"@id\":\"https:\\\/\\\/www.siriussensor.com.tr\\\/#organization\",\"name\":\"Sirius Sensor\",\"url\":\"https:\\\/\\\/www.siriussensor.com.tr\\\/\",\"logo\":{\"@type\":\"ImageObject\",\"inLanguage\":\"tr\",\"@id\":\"https:\\\/\\\/www.siriussensor.com.tr\\\/#\\\/schema\\\/logo\\\/image\\\/\",\"url\":\"https:\\\/\\\/www.siriussensor.com.tr\\\/wp-content\\\/uploads\\\/2025\\\/10\\\/cropped-Sirius_Son_Logo-scaled-1.png\",\"contentUrl\":\"https:\\\/\\\/www.siriussensor.com.tr\\\/wp-content\\\/uploads\\\/2025\\\/10\\\/cropped-Sirius_Son_Logo-scaled-1.png\",\"width\":2558,\"height\":1810,\"caption\":\"Sirius Sensor\"},\"image\":{\"@id\":\"https:\\\/\\\/www.siriussensor.com.tr\\\/#\\\/schema\\\/logo\\\/image\\\/\"}}]}<\/script>\n<!-- \/ Yoast SEO plugin. -->","yoast_head_json":{"title":"Hakk\u0131m\u0131zda - Her ad\u0131mda y&uuml;ksek teknoloji","robots":{"index":"index","follow":"follow","max-snippet":"max-snippet:-1","max-image-preview":"max-image-preview:large","max-video-preview":"max-video-preview:-1"},"canonical":"http:\/\/www.siriussensor.com.tr\/index.php\/hakkimizda\/","og_locale":"tr_TR","og_type":"article","og_title":"Hakk\u0131m\u0131zda - Her ad\u0131mda y&uuml;ksek teknoloji","og_description":"Tarihte buhar g\u00fcc\u00fc, elektrik enerjisi ve sanayi devrimlerinden sonra, dijitalle\u015fme ile ger\u00e7ekle\u015fen 4. End\u00fcstri Devrimi ile birlikte ak\u0131ll\u0131 makineler, tamamen internet \u00fczerinden kontrol edilebilen prosesler \u00fcretimin olmazsa olmaz\u0131 haline geldi. Sirius Sens\u00f6r de h\u0131zla geli\u015fen yeni teknolojilerin en \u00fcst seviyede uyguland\u0131\u011f\u0131 end\u00fcstrilere y\u00f6nelik hizmetler sunarak \u00fcretim kalitelerini artt\u0131ran, kendini s\u00fcrekli geli\u015ftiren, yenilik\u00e7i ve sorumluluk ta\u015f\u0131yan [&hellip;]","og_url":"http:\/\/www.siriussensor.com.tr\/index.php\/hakkimizda\/","og_site_name":"Her ad\u0131mda y&uuml;ksek teknoloji","article_modified_time":"2026-01-23T14:33:54+00:00","twitter_card":"summary_large_image","twitter_misc":{"Tahmini okuma s\u00fcresi":"1 dakika"},"schema":{"@context":"https:\/\/schema.org","@graph":[{"@type":"WebPage","@id":"http:\/\/www.siriussensor.com.tr\/index.php\/hakkimizda\/","url":"http:\/\/www.siriussensor.com.tr\/index.php\/hakkimizda\/","name":"Hakk\u0131m\u0131zda - Her ad\u0131mda y&uuml;ksek teknoloji","isPartOf":{"@id":"https:\/\/www.siriussensor.com.tr\/#website"},"datePublished":"2026-01-23T13:03:09+00:00","dateModified":"2026-01-23T14:33:54+00:00","breadcrumb":{"@id":"http:\/\/www.siriussensor.com.tr\/index.php\/hakkimizda\/#breadcrumb"},"inLanguage":"tr","potentialAction":[{"@type":"ReadAction","target":["http:\/\/www.siriussensor.com.tr\/index.php\/hakkimizda\/"]}]},{"@type":"BreadcrumbList","@id":"http:\/\/www.siriussensor.com.tr\/index.php\/hakkimizda\/#breadcrumb","itemListElement":[{"@type":"ListItem","position":1,"name":"Home","item":"https:\/\/www.siriussensor.com.tr\/"},{"@type":"ListItem","position":2,"name":"Hakk\u0131m\u0131zda"}]},{"@type":"WebSite","@id":"https:\/\/www.siriussensor.com.tr\/#website","url":"https:\/\/www.siriussensor.com.tr\/","name":"Sirius Sensor","description":"Her ad\u0131mda y&uuml;ksek teknoloji","publisher":{"@id":"https:\/\/www.siriussensor.com.tr\/#organization"},"potentialAction":[{"@type":"SearchAction","target":{"@type":"EntryPoint","urlTemplate":"https:\/\/www.siriussensor.com.tr\/?s={search_term_string}"},"query-input":{"@type":"PropertyValueSpecification","valueRequired":true,"valueName":"search_term_string"}}],"inLanguage":"tr"},{"@type":"Organization","@id":"https:\/\/www.siriussensor.com.tr\/#organization","name":"Sirius Sensor","url":"https:\/\/www.siriussensor.com.tr\/","logo":{"@type":"ImageObject","inLanguage":"tr","@id":"https:\/\/www.siriussensor.com.tr\/#\/schema\/logo\/image\/","url":"https:\/\/www.siriussensor.com.tr\/wp-content\/uploads\/2025\/10\/cropped-Sirius_Son_Logo-scaled-1.png","contentUrl":"https:\/\/www.siriussensor.com.tr\/wp-content\/uploads\/2025\/10\/cropped-Sirius_Son_Logo-scaled-1.png","width":2558,"height":1810,"caption":"Sirius Sensor"},"image":{"@id":"https:\/\/www.siriussensor.com.tr\/#\/schema\/logo\/image\/"}}]}},"jetpack_sharing_enabled":true,"_links":{"self":[{"href":"https:\/\/www.siriussensor.com.tr\/index.php\/wp-json\/wp\/v2\/pages\/1559","targetHints":{"allow":["GET"]}}],"collection":[{"href":"https:\/\/www.siriussensor.com.tr\/index.php\/wp-json\/wp\/v2\/pages"}],"about":[{"href":"https:\/\/www.siriussensor.com.tr\/index.php\/wp-json\/wp\/v2\/types\/page"}],"author":[{"embeddable":true,"href":"https:\/\/www.siriussensor.com.tr\/index.php\/wp-json\/wp\/v2\/users\/1"}],"replies":[{"embeddable":true,"href":"https:\/\/www.siriussensor.com.tr\/index.php\/wp-json\/wp\/v2\/comments?post=1559"}],"version-history":[{"count":2,"href":"https:\/\/www.siriussensor.com.tr\/index.php\/wp-json\/wp\/v2\/pages\/1559\/revisions"}],"predecessor-version":[{"id":1575,"href":"https:\/\/www.siriussensor.com.tr\/index.php\/wp-json\/wp\/v2\/pages\/1559\/revisions\/1575"}],"wp:attachment":[{"href":"https:\/\/www.siriussensor.com.tr\/index.php\/wp-json\/wp\/v2\/media?parent=1559"}],"curies":[{"name":"wp","href":"https:\/\/api.w.org\/{rel}","templated":true}]}}