{"id":866,"date":"2025-12-10T12:21:52","date_gmt":"2025-12-10T12:21:52","guid":{"rendered":"https:\/\/www.siriussensor.com.tr\/index.php\/product\/siemens-qae2112-015-daldirma-tipi-sicaklik-sensoru\/"},"modified":"2025-12-10T13:21:37","modified_gmt":"2025-12-10T13:21:37","slug":"siemens-qae2112-015-daldirma-tipi-sicaklik-sensoru","status":"publish","type":"product","link":"http:\/\/www.siriussensor.com.tr\/index.php\/product\/siemens-qae2112-015-daldirma-tipi-sicaklik-sensoru\/","title":{"rendered":"Siemens QAE2112.015 DALDIRMA T\u0130P\u0130 SICAKLIK SENS\u00d6R\u00dc"},"content":{"rendered":"<p>QAE2112.015 serisi dald\u0131rma tipi s\u0131cakl\u0131k sens\u00f6r\u00fcd\u00fcr.<br \/>\nHVAC, kazan, boru hatt\u0131 ve proses kontrol uygulamalar\u0131nda y\u00fcksek do\u011fruluk sa\u011flar.<br \/>\nSistemlerde s\u0131cakl\u0131k izleme ve otomasyon \u00e7\u00f6z\u00fcmlerinde g\u00fcvenilir performans sunar.<br \/>\nDayan\u0131kl\u0131 g\u00f6vde yap\u0131s\u0131 uzun \u00f6m\u00fcrl\u00fc kullan\u0131m i\u00e7in tasarlanm\u0131\u015ft\u0131r.<br \/>\nSirius Sensor stok \/ \u00fcr\u00fcn kodu: QAE2112.015.<\/p>\n","protected":false},"excerpt":{"rendered":"<p>QAE2112.015 serisi dald\u0131rma tipi s\u0131cakl\u0131k sens\u00f6r\u00fcd\u00fcr. HVAC, kazan, boru hatt\u0131 ve proses kontrol uygulamalar\u0131nda y\u00fcksek do\u011fruluk sa\u011flar. Sistemlerde s\u0131cakl\u0131k izleme ve otomasyon \u00e7\u00f6z\u00fcmlerinde g\u00fcvenilir performans sunar. Dayan\u0131kl\u0131 g\u00f6vde yap\u0131s\u0131 uzun \u00f6m\u00fcrl\u00fc kullan\u0131m i\u00e7in tasarlanm\u0131\u015ft\u0131r. Sirius Sensor stok \/ \u00fcr\u00fcn kodu: QAE2112.015.<\/p>\n","protected":false},"featured_media":0,"comment_status":"open","ping_status":"closed","template":"","meta":{"site-sidebar-layout":"default","site-content-layout":"","ast-site-content-layout":"default","site-content-style":"default","site-sidebar-style":"default","ast-global-header-display":"","ast-banner-title-visibility":"","ast-main-header-display":"","ast-hfb-above-header-display":"","ast-hfb-below-header-display":"","ast-hfb-mobile-header-display":"","site-post-title":"","ast-breadcrumbs-content":"","ast-featured-img":"","footer-sml-layout":"","ast-disable-related-posts":"","theme-transparent-header-meta":"","adv-header-id-meta":"","stick-header-meta":"","header-above-stick-meta":"","header-main-stick-meta":"","header-below-stick-meta":"","astra-migrate-meta-layouts":"default","ast-page-background-enabled":"default","ast-page-background-meta":{"desktop":{"background-color":"var(--ast-global-color-5)","background-image":"","background-repeat":"repeat","background-position":"center center","background-size":"auto","background-attachment":"scroll","background-type":"","background-media":"","overlay-type":"","overlay-color":"","overlay-opacity":"","overlay-gradient":""},"tablet":{"background-color":"","background-image":"","background-repeat":"repeat","background-position":"center center","background-size":"auto","background-attachment":"scroll","background-type":"","background-media":"","overlay-type":"","overlay-color":"","overlay-opacity":"","overlay-gradient":""},"mobile":{"background-color":"","background-image":"","background-repeat":"repeat","background-position":"center center","background-size":"auto","background-attachment":"scroll","background-type":"","background-media":"","overlay-type":"","overlay-color":"","overlay-opacity":"","overlay-gradient":""}},"ast-content-background-meta":{"desktop":{"background-color":"var(--ast-global-color-4)","background-image":"","background-repeat":"repeat","background-position":"center center","background-size":"auto","background-attachment":"scroll","background-type":"","background-media":"","overlay-type":"","overlay-color":"","overlay-opacity":"","overlay-gradient":""},"tablet":{"background-color":"var(--ast-global-color-4)","background-image":"","background-repeat":"repeat","background-position":"center center","background-size":"auto","background-attachment":"scroll","background-type":"","background-media":"","overlay-type":"","overlay-color":"","overlay-opacity":"","overlay-gradient":""},"mobile":{"background-color":"var(--ast-global-color-4)","background-image":"","background-repeat":"repeat","background-position":"center center","background-size":"auto","background-attachment":"scroll","background-type":"","background-media":"","overlay-type":"","overlay-color":"","overlay-opacity":"","overlay-gradient":""}}},"product_brand":[53],"product_cat":[22],"product_tag":[],"class_list":{"0":"post-866","1":"product","2":"type-product","3":"status-publish","5":"product_brand-siemens","6":"product_cat-sicaklik","7":"desktop-align-left","8":"tablet-align-left","9":"mobile-align-left","11":"first","12":"instock","13":"taxable","14":"shipping-taxable","15":"purchasable","16":"product-type-simple"},"yoast_head":"<!-- This site is optimized with the Yoast SEO plugin v27.6 - https:\/\/yoast.com\/product\/yoast-seo-wordpress\/ -->\n<title>Siemens QAE2112.015 DALDIRMA T\u0130P\u0130 SICAKLIK SENS\u00d6R\u00dc - Her ad\u0131mda y&uuml;ksek teknoloji<\/title>\n<meta name=\"robots\" content=\"index, follow, max-snippet:-1, max-image-preview:large, max-video-preview:-1\" \/>\n<link rel=\"canonical\" href=\"http:\/\/www.siriussensor.com.tr\/index.php\/product\/siemens-qae2112-015-daldirma-tipi-sicaklik-sensoru\/\" \/>\n<meta property=\"og:locale\" content=\"tr_TR\" \/>\n<meta property=\"og:type\" content=\"article\" \/>\n<meta property=\"og:title\" content=\"Siemens QAE2112.015 DALDIRMA T\u0130P\u0130 SICAKLIK SENS\u00d6R\u00dc - Her ad\u0131mda y&uuml;ksek teknoloji\" \/>\n<meta property=\"og:description\" content=\"QAE2112.015 serisi dald\u0131rma tipi s\u0131cakl\u0131k sens\u00f6r\u00fcd\u00fcr. HVAC, kazan, boru hatt\u0131 ve proses kontrol uygulamalar\u0131nda y\u00fcksek do\u011fruluk sa\u011flar. Sistemlerde s\u0131cakl\u0131k izleme ve otomasyon \u00e7\u00f6z\u00fcmlerinde g\u00fcvenilir performans sunar. Dayan\u0131kl\u0131 g\u00f6vde yap\u0131s\u0131 uzun \u00f6m\u00fcrl\u00fc kullan\u0131m i\u00e7in tasarlanm\u0131\u015ft\u0131r. Sirius Sensor stok \/ \u00fcr\u00fcn kodu: QAE2112.015.\" \/>\n<meta property=\"og:url\" content=\"http:\/\/www.siriussensor.com.tr\/index.php\/product\/siemens-qae2112-015-daldirma-tipi-sicaklik-sensoru\/\" \/>\n<meta property=\"og:site_name\" content=\"Her ad\u0131mda y&uuml;ksek teknoloji\" \/>\n<meta property=\"article:modified_time\" content=\"2025-12-10T13:21:37+00:00\" \/>\n<meta name=\"twitter:card\" content=\"summary_large_image\" \/>\n<script type=\"application\/ld+json\" class=\"yoast-schema-graph\">{\"@context\":\"https:\\\/\\\/schema.org\",\"@graph\":[{\"@type\":\"WebPage\",\"@id\":\"http:\\\/\\\/www.siriussensor.com.tr\\\/index.php\\\/product\\\/siemens-qae2112-015-daldirma-tipi-sicaklik-sensoru\\\/\",\"url\":\"http:\\\/\\\/www.siriussensor.com.tr\\\/index.php\\\/product\\\/siemens-qae2112-015-daldirma-tipi-sicaklik-sensoru\\\/\",\"name\":\"Siemens QAE2112.015 DALDIRMA T\u0130P\u0130 SICAKLIK SENS\u00d6R\u00dc - Her ad\u0131mda y&uuml;ksek teknoloji\",\"isPartOf\":{\"@id\":\"https:\\\/\\\/www.siriussensor.com.tr\\\/#website\"},\"datePublished\":\"2025-12-10T12:21:52+00:00\",\"dateModified\":\"2025-12-10T13:21:37+00:00\",\"breadcrumb\":{\"@id\":\"http:\\\/\\\/www.siriussensor.com.tr\\\/index.php\\\/product\\\/siemens-qae2112-015-daldirma-tipi-sicaklik-sensoru\\\/#breadcrumb\"},\"inLanguage\":\"tr\",\"potentialAction\":[{\"@type\":\"ReadAction\",\"target\":[\"http:\\\/\\\/www.siriussensor.com.tr\\\/index.php\\\/product\\\/siemens-qae2112-015-daldirma-tipi-sicaklik-sensoru\\\/\"]}]},{\"@type\":\"BreadcrumbList\",\"@id\":\"http:\\\/\\\/www.siriussensor.com.tr\\\/index.php\\\/product\\\/siemens-qae2112-015-daldirma-tipi-sicaklik-sensoru\\\/#breadcrumb\",\"itemListElement\":[{\"@type\":\"ListItem\",\"position\":1,\"name\":\"Home\",\"item\":\"https:\\\/\\\/www.siriussensor.com.tr\\\/\"},{\"@type\":\"ListItem\",\"position\":2,\"name\":\"Ma\u011faza\",\"item\":\"https:\\\/\\\/www.siriussensor.com.tr\\\/index.php\\\/shop\\\/\"},{\"@type\":\"ListItem\",\"position\":3,\"name\":\"Siemens QAE2112.015 DALDIRMA T\u0130P\u0130 SICAKLIK SENS\u00d6R\u00dc\"}]},{\"@type\":\"WebSite\",\"@id\":\"https:\\\/\\\/www.siriussensor.com.tr\\\/#website\",\"url\":\"https:\\\/\\\/www.siriussensor.com.tr\\\/\",\"name\":\"Sirius Sensor\",\"description\":\"Her ad\u0131mda y&uuml;ksek teknoloji\",\"publisher\":{\"@id\":\"https:\\\/\\\/www.siriussensor.com.tr\\\/#organization\"},\"potentialAction\":[{\"@type\":\"SearchAction\",\"target\":{\"@type\":\"EntryPoint\",\"urlTemplate\":\"https:\\\/\\\/www.siriussensor.com.tr\\\/?s={search_term_string}\"},\"query-input\":{\"@type\":\"PropertyValueSpecification\",\"valueRequired\":true,\"valueName\":\"search_term_string\"}}],\"inLanguage\":\"tr\"},{\"@type\":\"Organization\",\"@id\":\"https:\\\/\\\/www.siriussensor.com.tr\\\/#organization\",\"name\":\"Sirius Sensor\",\"url\":\"https:\\\/\\\/www.siriussensor.com.tr\\\/\",\"logo\":{\"@type\":\"ImageObject\",\"inLanguage\":\"tr\",\"@id\":\"https:\\\/\\\/www.siriussensor.com.tr\\\/#\\\/schema\\\/logo\\\/image\\\/\",\"url\":\"http:\\\/\\\/www.siriussensor.com.tr\\\/wp-content\\\/uploads\\\/2025\\\/10\\\/cropped-Sirius_Son_Logo-scaled-1.png\",\"contentUrl\":\"http:\\\/\\\/www.siriussensor.com.tr\\\/wp-content\\\/uploads\\\/2025\\\/10\\\/cropped-Sirius_Son_Logo-scaled-1.png\",\"width\":2558,\"height\":1810,\"caption\":\"Sirius Sensor\"},\"image\":{\"@id\":\"https:\\\/\\\/www.siriussensor.com.tr\\\/#\\\/schema\\\/logo\\\/image\\\/\"}}]}<\/script>\n<!-- \/ Yoast SEO plugin. -->","yoast_head_json":{"title":"Siemens QAE2112.015 DALDIRMA T\u0130P\u0130 SICAKLIK SENS\u00d6R\u00dc - Her ad\u0131mda y&uuml;ksek teknoloji","robots":{"index":"index","follow":"follow","max-snippet":"max-snippet:-1","max-image-preview":"max-image-preview:large","max-video-preview":"max-video-preview:-1"},"canonical":"http:\/\/www.siriussensor.com.tr\/index.php\/product\/siemens-qae2112-015-daldirma-tipi-sicaklik-sensoru\/","og_locale":"tr_TR","og_type":"article","og_title":"Siemens QAE2112.015 DALDIRMA T\u0130P\u0130 SICAKLIK SENS\u00d6R\u00dc - Her ad\u0131mda y&uuml;ksek teknoloji","og_description":"QAE2112.015 serisi dald\u0131rma tipi s\u0131cakl\u0131k sens\u00f6r\u00fcd\u00fcr. HVAC, kazan, boru hatt\u0131 ve proses kontrol uygulamalar\u0131nda y\u00fcksek do\u011fruluk sa\u011flar. Sistemlerde s\u0131cakl\u0131k izleme ve otomasyon \u00e7\u00f6z\u00fcmlerinde g\u00fcvenilir performans sunar. Dayan\u0131kl\u0131 g\u00f6vde yap\u0131s\u0131 uzun \u00f6m\u00fcrl\u00fc kullan\u0131m i\u00e7in tasarlanm\u0131\u015ft\u0131r. Sirius Sensor stok \/ \u00fcr\u00fcn kodu: QAE2112.015.","og_url":"http:\/\/www.siriussensor.com.tr\/index.php\/product\/siemens-qae2112-015-daldirma-tipi-sicaklik-sensoru\/","og_site_name":"Her ad\u0131mda y&uuml;ksek teknoloji","article_modified_time":"2025-12-10T13:21:37+00:00","twitter_card":"summary_large_image","schema":{"@context":"https:\/\/schema.org","@graph":[{"@type":"WebPage","@id":"http:\/\/www.siriussensor.com.tr\/index.php\/product\/siemens-qae2112-015-daldirma-tipi-sicaklik-sensoru\/","url":"http:\/\/www.siriussensor.com.tr\/index.php\/product\/siemens-qae2112-015-daldirma-tipi-sicaklik-sensoru\/","name":"Siemens QAE2112.015 DALDIRMA T\u0130P\u0130 SICAKLIK SENS\u00d6R\u00dc - Her ad\u0131mda y&uuml;ksek teknoloji","isPartOf":{"@id":"https:\/\/www.siriussensor.com.tr\/#website"},"datePublished":"2025-12-10T12:21:52+00:00","dateModified":"2025-12-10T13:21:37+00:00","breadcrumb":{"@id":"http:\/\/www.siriussensor.com.tr\/index.php\/product\/siemens-qae2112-015-daldirma-tipi-sicaklik-sensoru\/#breadcrumb"},"inLanguage":"tr","potentialAction":[{"@type":"ReadAction","target":["http:\/\/www.siriussensor.com.tr\/index.php\/product\/siemens-qae2112-015-daldirma-tipi-sicaklik-sensoru\/"]}]},{"@type":"BreadcrumbList","@id":"http:\/\/www.siriussensor.com.tr\/index.php\/product\/siemens-qae2112-015-daldirma-tipi-sicaklik-sensoru\/#breadcrumb","itemListElement":[{"@type":"ListItem","position":1,"name":"Home","item":"https:\/\/www.siriussensor.com.tr\/"},{"@type":"ListItem","position":2,"name":"Ma\u011faza","item":"https:\/\/www.siriussensor.com.tr\/index.php\/shop\/"},{"@type":"ListItem","position":3,"name":"Siemens QAE2112.015 DALDIRMA T\u0130P\u0130 SICAKLIK SENS\u00d6R\u00dc"}]},{"@type":"WebSite","@id":"https:\/\/www.siriussensor.com.tr\/#website","url":"https:\/\/www.siriussensor.com.tr\/","name":"Sirius Sensor","description":"Her ad\u0131mda y&uuml;ksek teknoloji","publisher":{"@id":"https:\/\/www.siriussensor.com.tr\/#organization"},"potentialAction":[{"@type":"SearchAction","target":{"@type":"EntryPoint","urlTemplate":"https:\/\/www.siriussensor.com.tr\/?s={search_term_string}"},"query-input":{"@type":"PropertyValueSpecification","valueRequired":true,"valueName":"search_term_string"}}],"inLanguage":"tr"},{"@type":"Organization","@id":"https:\/\/www.siriussensor.com.tr\/#organization","name":"Sirius Sensor","url":"https:\/\/www.siriussensor.com.tr\/","logo":{"@type":"ImageObject","inLanguage":"tr","@id":"https:\/\/www.siriussensor.com.tr\/#\/schema\/logo\/image\/","url":"http:\/\/www.siriussensor.com.tr\/wp-content\/uploads\/2025\/10\/cropped-Sirius_Son_Logo-scaled-1.png","contentUrl":"http:\/\/www.siriussensor.com.tr\/wp-content\/uploads\/2025\/10\/cropped-Sirius_Son_Logo-scaled-1.png","width":2558,"height":1810,"caption":"Sirius Sensor"},"image":{"@id":"https:\/\/www.siriussensor.com.tr\/#\/schema\/logo\/image\/"}}]}},"jetpack_sharing_enabled":true,"_links":{"self":[{"href":"http:\/\/www.siriussensor.com.tr\/index.php\/wp-json\/wp\/v2\/product\/866","targetHints":{"allow":["GET"]}}],"collection":[{"href":"http:\/\/www.siriussensor.com.tr\/index.php\/wp-json\/wp\/v2\/product"}],"about":[{"href":"http:\/\/www.siriussensor.com.tr\/index.php\/wp-json\/wp\/v2\/types\/product"}],"replies":[{"embeddable":true,"href":"http:\/\/www.siriussensor.com.tr\/index.php\/wp-json\/wp\/v2\/comments?post=866"}],"wp:attachment":[{"href":"http:\/\/www.siriussensor.com.tr\/index.php\/wp-json\/wp\/v2\/media?parent=866"}],"wp:term":[{"taxonomy":"product_brand","embeddable":true,"href":"http:\/\/www.siriussensor.com.tr\/index.php\/wp-json\/wp\/v2\/product_brand?post=866"},{"taxonomy":"product_cat","embeddable":true,"href":"http:\/\/www.siriussensor.com.tr\/index.php\/wp-json\/wp\/v2\/product_cat?post=866"},{"taxonomy":"product_tag","embeddable":true,"href":"http:\/\/www.siriussensor.com.tr\/index.php\/wp-json\/wp\/v2\/product_tag?post=866"}],"curies":[{"name":"wp","href":"https:\/\/api.w.org\/{rel}","templated":true}]}}