{"id":456,"date":"2025-12-05T13:27:19","date_gmt":"2025-12-05T13:27:19","guid":{"rendered":"https:\/\/www.siriussensor.com.tr\/index.php\/product\/danfoss-060n1217-mbs-5100-0-6bar-4-20ma-g1-4flansli-marin-onayli-blok-tip-basinc-transmitteri\/"},"modified":"2025-12-09T13:46:21","modified_gmt":"2025-12-09T13:46:21","slug":"danfoss-060n1217-mbs-5100-0-6bar-4-20ma-g1-4flansli-marin-onayli-blok-tip-basinc-transmitteri","status":"publish","type":"product","link":"http:\/\/www.siriussensor.com.tr\/index.php\/product\/danfoss-060n1217-mbs-5100-0-6bar-4-20ma-g1-4flansli-marin-onayli-blok-tip-basinc-transmitteri\/","title":{"rendered":"Danfoss 060N1217 MBS 5100 0-6BAR 4-20mA G1\/4+FLAN\u015eLI MAR\u0130N ONAYLI BLOK T\u0130P BASIN\u00c7 TRANSM\u0130TTER\u0130"},"content":{"rendered":"<p>MBS 5100, 0-6BAR aral\u0131\u011f\u0131nda \u00e7al\u0131\u015fan end\u00fcstriyel bas\u0131n\u00e7 transmitteridir.<br \/>\n\u00c7\u0131k\u0131\u015f sinyali: 4-20 mA; otomasyon, kontrol ve izleme sistemleri ile uyumlu \u00e7al\u0131\u015f\u0131r.<br \/>\nBa\u011flant\u0131 tipi: G1\/4 proses ba\u011flant\u0131s\u0131 ile sahada kolay ve g\u00fcvenli montaj imk\u00e2n\u0131 sunar.<br \/>\nMarin, exproof ve zorlu end\u00fcstriyel ortamlarda g\u00fcvenilir ve emniyetli bas\u0131n\u00e7 \u00f6l\u00e7\u00fcm\u00fc i\u00e7in uygundur.<br \/>\nDanfoss kalitesi ile uzun \u00f6m\u00fcrl\u00fc, titre\u015fim ve darbelere dayan\u0131kl\u0131 sa\u011flam g\u00f6vde yap\u0131s\u0131na sahiptir.<br \/>\nSirius Sensor stok \/ \u00fcr\u00fcn kodu: 060N1217.<\/p>\n","protected":false},"excerpt":{"rendered":"<p>MBS 5100, 0-6BAR aral\u0131\u011f\u0131nda \u00e7al\u0131\u015fan end\u00fcstriyel bas\u0131n\u00e7 transmitteridir. \u00c7\u0131k\u0131\u015f sinyali: 4-20 mA; otomasyon, kontrol ve izleme sistemleri ile uyumlu \u00e7al\u0131\u015f\u0131r. Ba\u011flant\u0131 tipi: G1\/4 proses ba\u011flant\u0131s\u0131 ile sahada kolay ve g\u00fcvenli montaj imk\u00e2n\u0131 sunar. Marin, exproof ve zorlu end\u00fcstriyel ortamlarda g\u00fcvenilir ve emniyetli bas\u0131n\u00e7 \u00f6l\u00e7\u00fcm\u00fc i\u00e7in uygundur. Danfoss kalitesi ile uzun \u00f6m\u00fcrl\u00fc, titre\u015fim ve darbelere dayan\u0131kl\u0131 [&hellip;]<\/p>\n","protected":false},"featured_media":0,"comment_status":"open","ping_status":"closed","template":"","meta":{"site-sidebar-layout":"default","site-content-layout":"","ast-site-content-layout":"default","site-content-style":"default","site-sidebar-style":"default","ast-global-header-display":"","ast-banner-title-visibility":"","ast-main-header-display":"","ast-hfb-above-header-display":"","ast-hfb-below-header-display":"","ast-hfb-mobile-header-display":"","site-post-title":"","ast-breadcrumbs-content":"","ast-featured-img":"","footer-sml-layout":"","ast-disable-related-posts":"","theme-transparent-header-meta":"","adv-header-id-meta":"","stick-header-meta":"","header-above-stick-meta":"","header-main-stick-meta":"","header-below-stick-meta":"","astra-migrate-meta-layouts":"default","ast-page-background-enabled":"default","ast-page-background-meta":{"desktop":{"background-color":"var(--ast-global-color-5)","background-image":"","background-repeat":"repeat","background-position":"center center","background-size":"auto","background-attachment":"scroll","background-type":"","background-media":"","overlay-type":"","overlay-color":"","overlay-opacity":"","overlay-gradient":""},"tablet":{"background-color":"","background-image":"","background-repeat":"repeat","background-position":"center center","background-size":"auto","background-attachment":"scroll","background-type":"","background-media":"","overlay-type":"","overlay-color":"","overlay-opacity":"","overlay-gradient":""},"mobile":{"background-color":"","background-image":"","background-repeat":"repeat","background-position":"center center","background-size":"auto","background-attachment":"scroll","background-type":"","background-media":"","overlay-type":"","overlay-color":"","overlay-opacity":"","overlay-gradient":""}},"ast-content-background-meta":{"desktop":{"background-color":"var(--ast-global-color-4)","background-image":"","background-repeat":"repeat","background-position":"center center","background-size":"auto","background-attachment":"scroll","background-type":"","background-media":"","overlay-type":"","overlay-color":"","overlay-opacity":"","overlay-gradient":""},"tablet":{"background-color":"var(--ast-global-color-4)","background-image":"","background-repeat":"repeat","background-position":"center center","background-size":"auto","background-attachment":"scroll","background-type":"","background-media":"","overlay-type":"","overlay-color":"","overlay-opacity":"","overlay-gradient":""},"mobile":{"background-color":"var(--ast-global-color-4)","background-image":"","background-repeat":"repeat","background-position":"center center","background-size":"auto","background-attachment":"scroll","background-type":"","background-media":"","overlay-type":"","overlay-color":"","overlay-opacity":"","overlay-gradient":""}}},"product_brand":[18],"product_cat":[44],"product_tag":[],"class_list":{"0":"post-456","1":"product","2":"type-product","3":"status-publish","5":"product_brand-danfoss","6":"product_cat-basinc","7":"desktop-align-left","8":"tablet-align-left","9":"mobile-align-left","11":"first","12":"instock","13":"taxable","14":"shipping-taxable","15":"purchasable","16":"product-type-simple"},"yoast_head":"<!-- This site is optimized with the Yoast SEO plugin v27.6 - https:\/\/yoast.com\/product\/yoast-seo-wordpress\/ -->\n<title>Danfoss 060N1217 MBS 5100 0-6BAR 4-20mA G1\/4+FLAN\u015eLI MAR\u0130N ONAYLI BLOK T\u0130P BASIN\u00c7 TRANSM\u0130TTER\u0130 - Her ad\u0131mda y&uuml;ksek teknoloji<\/title>\n<meta name=\"robots\" content=\"index, follow, max-snippet:-1, max-image-preview:large, max-video-preview:-1\" \/>\n<link rel=\"canonical\" href=\"http:\/\/www.siriussensor.com.tr\/index.php\/product\/danfoss-060n1217-mbs-5100-0-6bar-4-20ma-g1-4flansli-marin-onayli-blok-tip-basinc-transmitteri\/\" \/>\n<meta property=\"og:locale\" content=\"tr_TR\" \/>\n<meta property=\"og:type\" content=\"article\" \/>\n<meta property=\"og:title\" content=\"Danfoss 060N1217 MBS 5100 0-6BAR 4-20mA G1\/4+FLAN\u015eLI MAR\u0130N ONAYLI BLOK T\u0130P BASIN\u00c7 TRANSM\u0130TTER\u0130 - Her ad\u0131mda y&uuml;ksek teknoloji\" \/>\n<meta property=\"og:description\" content=\"MBS 5100, 0-6BAR aral\u0131\u011f\u0131nda \u00e7al\u0131\u015fan end\u00fcstriyel bas\u0131n\u00e7 transmitteridir. \u00c7\u0131k\u0131\u015f sinyali: 4-20 mA; otomasyon, kontrol ve izleme sistemleri ile uyumlu \u00e7al\u0131\u015f\u0131r. Ba\u011flant\u0131 tipi: G1\/4 proses ba\u011flant\u0131s\u0131 ile sahada kolay ve g\u00fcvenli montaj imk\u00e2n\u0131 sunar. Marin, exproof ve zorlu end\u00fcstriyel ortamlarda g\u00fcvenilir ve emniyetli bas\u0131n\u00e7 \u00f6l\u00e7\u00fcm\u00fc i\u00e7in uygundur. Danfoss kalitesi ile uzun \u00f6m\u00fcrl\u00fc, titre\u015fim ve darbelere dayan\u0131kl\u0131 [&hellip;]\" \/>\n<meta property=\"og:url\" content=\"http:\/\/www.siriussensor.com.tr\/index.php\/product\/danfoss-060n1217-mbs-5100-0-6bar-4-20ma-g1-4flansli-marin-onayli-blok-tip-basinc-transmitteri\/\" \/>\n<meta property=\"og:site_name\" content=\"Her ad\u0131mda y&uuml;ksek teknoloji\" \/>\n<meta property=\"article:modified_time\" content=\"2025-12-09T13:46:21+00:00\" \/>\n<meta name=\"twitter:card\" content=\"summary_large_image\" \/>\n<script type=\"application\/ld+json\" class=\"yoast-schema-graph\">{\"@context\":\"https:\\\/\\\/schema.org\",\"@graph\":[{\"@type\":\"WebPage\",\"@id\":\"http:\\\/\\\/www.siriussensor.com.tr\\\/index.php\\\/product\\\/danfoss-060n1217-mbs-5100-0-6bar-4-20ma-g1-4flansli-marin-onayli-blok-tip-basinc-transmitteri\\\/\",\"url\":\"http:\\\/\\\/www.siriussensor.com.tr\\\/index.php\\\/product\\\/danfoss-060n1217-mbs-5100-0-6bar-4-20ma-g1-4flansli-marin-onayli-blok-tip-basinc-transmitteri\\\/\",\"name\":\"Danfoss 060N1217 MBS 5100 0-6BAR 4-20mA G1\\\/4+FLAN\u015eLI MAR\u0130N ONAYLI BLOK T\u0130P BASIN\u00c7 TRANSM\u0130TTER\u0130 - Her ad\u0131mda y&uuml;ksek teknoloji\",\"isPartOf\":{\"@id\":\"https:\\\/\\\/www.siriussensor.com.tr\\\/#website\"},\"datePublished\":\"2025-12-05T13:27:19+00:00\",\"dateModified\":\"2025-12-09T13:46:21+00:00\",\"breadcrumb\":{\"@id\":\"http:\\\/\\\/www.siriussensor.com.tr\\\/index.php\\\/product\\\/danfoss-060n1217-mbs-5100-0-6bar-4-20ma-g1-4flansli-marin-onayli-blok-tip-basinc-transmitteri\\\/#breadcrumb\"},\"inLanguage\":\"tr\",\"potentialAction\":[{\"@type\":\"ReadAction\",\"target\":[\"http:\\\/\\\/www.siriussensor.com.tr\\\/index.php\\\/product\\\/danfoss-060n1217-mbs-5100-0-6bar-4-20ma-g1-4flansli-marin-onayli-blok-tip-basinc-transmitteri\\\/\"]}]},{\"@type\":\"BreadcrumbList\",\"@id\":\"http:\\\/\\\/www.siriussensor.com.tr\\\/index.php\\\/product\\\/danfoss-060n1217-mbs-5100-0-6bar-4-20ma-g1-4flansli-marin-onayli-blok-tip-basinc-transmitteri\\\/#breadcrumb\",\"itemListElement\":[{\"@type\":\"ListItem\",\"position\":1,\"name\":\"Home\",\"item\":\"https:\\\/\\\/www.siriussensor.com.tr\\\/\"},{\"@type\":\"ListItem\",\"position\":2,\"name\":\"Ma\u011faza\",\"item\":\"https:\\\/\\\/www.siriussensor.com.tr\\\/index.php\\\/shop\\\/\"},{\"@type\":\"ListItem\",\"position\":3,\"name\":\"Danfoss 060N1217 MBS 5100 0-6BAR 4-20mA G1\\\/4+FLAN\u015eLI MAR\u0130N ONAYLI BLOK T\u0130P BASIN\u00c7 TRANSM\u0130TTER\u0130\"}]},{\"@type\":\"WebSite\",\"@id\":\"https:\\\/\\\/www.siriussensor.com.tr\\\/#website\",\"url\":\"https:\\\/\\\/www.siriussensor.com.tr\\\/\",\"name\":\"Sirius Sensor\",\"description\":\"Her ad\u0131mda y&uuml;ksek teknoloji\",\"publisher\":{\"@id\":\"https:\\\/\\\/www.siriussensor.com.tr\\\/#organization\"},\"potentialAction\":[{\"@type\":\"SearchAction\",\"target\":{\"@type\":\"EntryPoint\",\"urlTemplate\":\"https:\\\/\\\/www.siriussensor.com.tr\\\/?s={search_term_string}\"},\"query-input\":{\"@type\":\"PropertyValueSpecification\",\"valueRequired\":true,\"valueName\":\"search_term_string\"}}],\"inLanguage\":\"tr\"},{\"@type\":\"Organization\",\"@id\":\"https:\\\/\\\/www.siriussensor.com.tr\\\/#organization\",\"name\":\"Sirius Sensor\",\"url\":\"https:\\\/\\\/www.siriussensor.com.tr\\\/\",\"logo\":{\"@type\":\"ImageObject\",\"inLanguage\":\"tr\",\"@id\":\"https:\\\/\\\/www.siriussensor.com.tr\\\/#\\\/schema\\\/logo\\\/image\\\/\",\"url\":\"http:\\\/\\\/www.siriussensor.com.tr\\\/wp-content\\\/uploads\\\/2025\\\/10\\\/cropped-Sirius_Son_Logo-scaled-1.png\",\"contentUrl\":\"http:\\\/\\\/www.siriussensor.com.tr\\\/wp-content\\\/uploads\\\/2025\\\/10\\\/cropped-Sirius_Son_Logo-scaled-1.png\",\"width\":2558,\"height\":1810,\"caption\":\"Sirius Sensor\"},\"image\":{\"@id\":\"https:\\\/\\\/www.siriussensor.com.tr\\\/#\\\/schema\\\/logo\\\/image\\\/\"}}]}<\/script>\n<!-- \/ Yoast SEO plugin. -->","yoast_head_json":{"title":"Danfoss 060N1217 MBS 5100 0-6BAR 4-20mA G1\/4+FLAN\u015eLI MAR\u0130N ONAYLI BLOK T\u0130P BASIN\u00c7 TRANSM\u0130TTER\u0130 - Her ad\u0131mda y&uuml;ksek teknoloji","robots":{"index":"index","follow":"follow","max-snippet":"max-snippet:-1","max-image-preview":"max-image-preview:large","max-video-preview":"max-video-preview:-1"},"canonical":"http:\/\/www.siriussensor.com.tr\/index.php\/product\/danfoss-060n1217-mbs-5100-0-6bar-4-20ma-g1-4flansli-marin-onayli-blok-tip-basinc-transmitteri\/","og_locale":"tr_TR","og_type":"article","og_title":"Danfoss 060N1217 MBS 5100 0-6BAR 4-20mA G1\/4+FLAN\u015eLI MAR\u0130N ONAYLI BLOK T\u0130P BASIN\u00c7 TRANSM\u0130TTER\u0130 - Her ad\u0131mda y&uuml;ksek teknoloji","og_description":"MBS 5100, 0-6BAR aral\u0131\u011f\u0131nda \u00e7al\u0131\u015fan end\u00fcstriyel bas\u0131n\u00e7 transmitteridir. \u00c7\u0131k\u0131\u015f sinyali: 4-20 mA; otomasyon, kontrol ve izleme sistemleri ile uyumlu \u00e7al\u0131\u015f\u0131r. Ba\u011flant\u0131 tipi: G1\/4 proses ba\u011flant\u0131s\u0131 ile sahada kolay ve g\u00fcvenli montaj imk\u00e2n\u0131 sunar. Marin, exproof ve zorlu end\u00fcstriyel ortamlarda g\u00fcvenilir ve emniyetli bas\u0131n\u00e7 \u00f6l\u00e7\u00fcm\u00fc i\u00e7in uygundur. Danfoss kalitesi ile uzun \u00f6m\u00fcrl\u00fc, titre\u015fim ve darbelere dayan\u0131kl\u0131 [&hellip;]","og_url":"http:\/\/www.siriussensor.com.tr\/index.php\/product\/danfoss-060n1217-mbs-5100-0-6bar-4-20ma-g1-4flansli-marin-onayli-blok-tip-basinc-transmitteri\/","og_site_name":"Her ad\u0131mda y&uuml;ksek teknoloji","article_modified_time":"2025-12-09T13:46:21+00:00","twitter_card":"summary_large_image","schema":{"@context":"https:\/\/schema.org","@graph":[{"@type":"WebPage","@id":"http:\/\/www.siriussensor.com.tr\/index.php\/product\/danfoss-060n1217-mbs-5100-0-6bar-4-20ma-g1-4flansli-marin-onayli-blok-tip-basinc-transmitteri\/","url":"http:\/\/www.siriussensor.com.tr\/index.php\/product\/danfoss-060n1217-mbs-5100-0-6bar-4-20ma-g1-4flansli-marin-onayli-blok-tip-basinc-transmitteri\/","name":"Danfoss 060N1217 MBS 5100 0-6BAR 4-20mA G1\/4+FLAN\u015eLI MAR\u0130N ONAYLI BLOK T\u0130P BASIN\u00c7 TRANSM\u0130TTER\u0130 - Her ad\u0131mda y&uuml;ksek teknoloji","isPartOf":{"@id":"https:\/\/www.siriussensor.com.tr\/#website"},"datePublished":"2025-12-05T13:27:19+00:00","dateModified":"2025-12-09T13:46:21+00:00","breadcrumb":{"@id":"http:\/\/www.siriussensor.com.tr\/index.php\/product\/danfoss-060n1217-mbs-5100-0-6bar-4-20ma-g1-4flansli-marin-onayli-blok-tip-basinc-transmitteri\/#breadcrumb"},"inLanguage":"tr","potentialAction":[{"@type":"ReadAction","target":["http:\/\/www.siriussensor.com.tr\/index.php\/product\/danfoss-060n1217-mbs-5100-0-6bar-4-20ma-g1-4flansli-marin-onayli-blok-tip-basinc-transmitteri\/"]}]},{"@type":"BreadcrumbList","@id":"http:\/\/www.siriussensor.com.tr\/index.php\/product\/danfoss-060n1217-mbs-5100-0-6bar-4-20ma-g1-4flansli-marin-onayli-blok-tip-basinc-transmitteri\/#breadcrumb","itemListElement":[{"@type":"ListItem","position":1,"name":"Home","item":"https:\/\/www.siriussensor.com.tr\/"},{"@type":"ListItem","position":2,"name":"Ma\u011faza","item":"https:\/\/www.siriussensor.com.tr\/index.php\/shop\/"},{"@type":"ListItem","position":3,"name":"Danfoss 060N1217 MBS 5100 0-6BAR 4-20mA G1\/4+FLAN\u015eLI MAR\u0130N ONAYLI BLOK T\u0130P BASIN\u00c7 TRANSM\u0130TTER\u0130"}]},{"@type":"WebSite","@id":"https:\/\/www.siriussensor.com.tr\/#website","url":"https:\/\/www.siriussensor.com.tr\/","name":"Sirius Sensor","description":"Her ad\u0131mda y&uuml;ksek teknoloji","publisher":{"@id":"https:\/\/www.siriussensor.com.tr\/#organization"},"potentialAction":[{"@type":"SearchAction","target":{"@type":"EntryPoint","urlTemplate":"https:\/\/www.siriussensor.com.tr\/?s={search_term_string}"},"query-input":{"@type":"PropertyValueSpecification","valueRequired":true,"valueName":"search_term_string"}}],"inLanguage":"tr"},{"@type":"Organization","@id":"https:\/\/www.siriussensor.com.tr\/#organization","name":"Sirius Sensor","url":"https:\/\/www.siriussensor.com.tr\/","logo":{"@type":"ImageObject","inLanguage":"tr","@id":"https:\/\/www.siriussensor.com.tr\/#\/schema\/logo\/image\/","url":"http:\/\/www.siriussensor.com.tr\/wp-content\/uploads\/2025\/10\/cropped-Sirius_Son_Logo-scaled-1.png","contentUrl":"http:\/\/www.siriussensor.com.tr\/wp-content\/uploads\/2025\/10\/cropped-Sirius_Son_Logo-scaled-1.png","width":2558,"height":1810,"caption":"Sirius Sensor"},"image":{"@id":"https:\/\/www.siriussensor.com.tr\/#\/schema\/logo\/image\/"}}]}},"jetpack_sharing_enabled":true,"_links":{"self":[{"href":"http:\/\/www.siriussensor.com.tr\/index.php\/wp-json\/wp\/v2\/product\/456","targetHints":{"allow":["GET"]}}],"collection":[{"href":"http:\/\/www.siriussensor.com.tr\/index.php\/wp-json\/wp\/v2\/product"}],"about":[{"href":"http:\/\/www.siriussensor.com.tr\/index.php\/wp-json\/wp\/v2\/types\/product"}],"replies":[{"embeddable":true,"href":"http:\/\/www.siriussensor.com.tr\/index.php\/wp-json\/wp\/v2\/comments?post=456"}],"wp:attachment":[{"href":"http:\/\/www.siriussensor.com.tr\/index.php\/wp-json\/wp\/v2\/media?parent=456"}],"wp:term":[{"taxonomy":"product_brand","embeddable":true,"href":"http:\/\/www.siriussensor.com.tr\/index.php\/wp-json\/wp\/v2\/product_brand?post=456"},{"taxonomy":"product_cat","embeddable":true,"href":"http:\/\/www.siriussensor.com.tr\/index.php\/wp-json\/wp\/v2\/product_cat?post=456"},{"taxonomy":"product_tag","embeddable":true,"href":"http:\/\/www.siriussensor.com.tr\/index.php\/wp-json\/wp\/v2\/product_tag?post=456"}],"curies":[{"name":"wp","href":"https:\/\/api.w.org\/{rel}","templated":true}]}}